{"id":998,"date":"2009-01-10T21:27:23","date_gmt":"2009-01-10T20:27:23","guid":{"rendered":"http:\/\/knsweb.net\/?page_id=998"},"modified":"2021-01-29T20:57:18","modified_gmt":"2021-01-29T19:57:18","slug":"pimp-your-eeepc-cover","status":"publish","type":"page","link":"https:\/\/knsweb.net\/?page_id=998","title":{"rendered":"Pimp your EeePC &#8211; Cover"},"content":{"rendered":"<p>> echo Dicen que una de las maneras de evitar el robo de un port\u00e1til, es decorarlo de forma que ya no sea demasiado atractivo para los ladrones, no se si eso es cierto, pero si que podemos decorarlo para que sea atractivo para nosotros.<\/p>\n<p>Esta gu\u00eda es para el Eee, que se presta mucho a estas cosas por su reducido tama\u00f1o, pero se puede aplicar a otros port\u00e1tiles, ya que los pasos son los mismos.<\/p>\n<p><strong>Dise\u00f1o<\/strong><br \/>\nEs el paso m\u00e1s f\u00e1cil o m\u00e1s dif\u00edcil, seg\u00fan se mire. Si encontr\u00e1is el dise\u00f1o que os gusta y le va a la m\u00e1quina a la primera, mejor que mejor. Si no, no desesper\u00e9is.<br \/>\nYo he usado una pegatina con una caricatura en plan Mii, de Pulp Fiction (gran pelicula).<\/p>\n<figure style=\"width: 500px\" class=\"wp-caption aligncenter\"><img loading=\"lazy\" decoding=\"async\" src=\"\/images\/eeepc\/pimp\/eeepc_pimp_1med.jpg\" alt=\"Pulp Fiction para el Eee\" title=\"Pulp Fiction para el Eee\" width=\"500\" height=\"375\" \/><figcaption class=\"wp-caption-text\">Pulp Fiction para el Eee<\/figcaption><\/figure>\n<p>Lo que nunca he tenido muy claro es si poner los dise\u00f1os hacia arriba o hacia abajo, ya que al abrir la tapa del port\u00e1til, quedar\u00e1n invertidos, seg\u00fan como los pongamos. Yo he puesto la pegatina invertida, si miramos el Eee, de frente. De forma que al levantar la tapa, quede en la posici\u00f3n correcta.<\/p>\n<figure style=\"width: 500px\" class=\"wp-caption aligncenter\"><img loading=\"lazy\" decoding=\"async\" src=\"\/images\/eeepc\/pimp\/eeepc_pimp_2med.jpg\" alt=\"Decide la posici\u00f3n y orientaci\u00f3n\" title=\"Decide la posici\u00f3n y orientaci\u00f3n\" width=\"500\" height=\"375\" \/><figcaption class=\"wp-caption-text\">Decide la posici\u00f3n y orientaci\u00f3n<\/figcaption><\/figure>\n<p>Si la pegatina hubiese sido m\u00e1s grande y\/o el color de fondo contrastara m\u00e1s con el blanco del Eee (L\u00e1stima de no haberlo encontrado en negro, con Linux) podr\u00edamos pegar el adhesivo y con eso pr\u00e1cticamente terminar ya el trabajo. Pero no es as\u00ed&#8230; \ud83d\ude42<\/p>\n<p><strong>Fondo<\/strong><br \/>\nPara que la pegatina quedara mejor contrastada y destacara m\u00e1s y de paso complicarme un poco la vida, me propuse cubrir la parte superior de la tapa con vinilo negro (o similar. En este caso es Aironfix). <\/p>\n<figure style=\"width: 500px\" class=\"wp-caption aligncenter\"><img loading=\"lazy\" decoding=\"async\" src=\"\/images\/eeepc\/pimp\/eeepc_pimp_3med.jpg\" alt=\"Forra con vinilo\" title=\"Forra con vinilo\" width=\"500\" height=\"375\" \/><figcaption class=\"wp-caption-text\">Forra con vinilo<\/figcaption><\/figure>\n<p>Pegar el vinilo no es dif\u00edcil, pero hay que ser cuidadoso para no dejar burbujas y arrugas. Limpia la superficie del Eee con un poco de alcohol. Y comienza a pegar el forro, poco a poco. Desplazando alg\u00fan objeto plano (yo he usado una softcard, de los protectores de pantalla de una consolas port\u00e1til) del centro hacia afura, de forma que no queden burbujas y otras imperfeciones.<\/p>\n<figure style=\"width: 500px\" class=\"wp-caption aligncenter\"><img loading=\"lazy\" decoding=\"async\" src=\"\/images\/eeepc\/pimp\/eeepc_pimp_4med.jpg\" alt=\"Fondo preparado\" title=\"Fondo preparado\" width=\"500\" height=\"375\" \/><figcaption class=\"wp-caption-text\">Fondo preparado<\/figcaption><\/figure>\n<p>La parte m\u00e1s complicada son las esquinas y bordes redondeados. Es donde m\u00e1s arrugas pueden quedar. Para evitarlo, utiliza un secador de pelo, para calentar el vinilo y que coja la forma del la tapa. A la vez, vete tirando, poco a poco, para que el material se deforme un poco y se ajuste lo mejor posible a la curva. Esto es siempre lo m\u00e1s complicado.<\/p>\n<figure style=\"width: 500px\" class=\"wp-caption aligncenter\"><img loading=\"lazy\" decoding=\"async\" src=\"\/images\/eeepc\/pimp\/eeepc_pimp_5med.jpg\" alt=\"Esquina curvada\" title=\"Esquina curvada\" width=\"500\" height=\"375\" \/><figcaption class=\"wp-caption-text\">Esquina curvada<\/figcaption><\/figure>\n<p>Conseguir unas buenas esquinas te puede llevar varios intentos. Una vez que todo est\u00e1 listo, corta el sobrante con un cutter afilado (y mucho cuidado de no da\u00f1ar la tapa). Si, como en el caso del Eee, no hay mucha superficie donde el vinilo pueda agarrar en los bordes, la parte m\u00e1s delicada y por donde podr\u00eda pelarse; Pod\u00e9is usar un poco de cinta transparente fina, para reforzar el borde y evitar que con el uso se levante.<\/p>\n<p><strong>Coolness<\/strong><br \/>\nPor \u00faltimo, a\u00f1adid la pegatina, procurando que se ajuste a vuestro dise\u00f1o inicial.  Yo he recortado las esquinas del adhesivo para que queden redondeadas, pero hay muchas posibilidades. Usar varias pegatinas, recortarlas con distintas formas, poner el fondo con m\u00e1s de un color&#8230; <\/p>\n<figure style=\"width: 500px\" class=\"wp-caption aligncenter\"><img loading=\"lazy\" decoding=\"async\" src=\"\/images\/eeepc\/pimp\/eeepc_pimp_6med.jpg\" alt=\"Pimp'd EeePC\" title=\"Pimp'd EeePC\" width=\"500\" height=\"375\" \/><figcaption class=\"wp-caption-text\">Pimp'd EeePC<\/figcaption><\/figure>\n","protected":false},"excerpt":{"rendered":"<p>> echo Dicen que una de las maneras de evitar el robo de un port\u00e1til, es decorarlo de forma que ya no sea demasiado atractivo para los ladrones, no se si eso es cierto, pero si que podemos decorarlo para que sea atractivo para nosotros. Esta gu\u00eda es para el Eee, que se presta mucho [&hellip;]<\/p>\n","protected":false},"author":1,"featured_media":0,"parent":2,"menu_order":0,"comment_status":"closed","ping_status":"open","template":"","meta":{"ngg_post_thumbnail":0,"footnotes":""},"class_list":["post-998","page","type-page","status-publish","hentry"],"_links":{"self":[{"href":"https:\/\/knsweb.net\/index.php?rest_route=\/wp\/v2\/pages\/998","targetHints":{"allow":["GET"]}}],"collection":[{"href":"https:\/\/knsweb.net\/index.php?rest_route=\/wp\/v2\/pages"}],"about":[{"href":"https:\/\/knsweb.net\/index.php?rest_route=\/wp\/v2\/types\/page"}],"author":[{"embeddable":true,"href":"https:\/\/knsweb.net\/index.php?rest_route=\/wp\/v2\/users\/1"}],"replies":[{"embeddable":true,"href":"https:\/\/knsweb.net\/index.php?rest_route=%2Fwp%2Fv2%2Fcomments&post=998"}],"version-history":[{"count":0,"href":"https:\/\/knsweb.net\/index.php?rest_route=\/wp\/v2\/pages\/998\/revisions"}],"up":[{"embeddable":true,"href":"https:\/\/knsweb.net\/index.php?rest_route=\/wp\/v2\/pages\/2"}],"wp:attachment":[{"href":"https:\/\/knsweb.net\/index.php?rest_route=%2Fwp%2Fv2%2Fmedia&parent=998"}],"curies":[{"name":"wp","href":"https:\/\/api.w.org\/{rel}","templated":true}]}}