{"id":993,"date":"2009-01-10T22:29:16","date_gmt":"2009-01-10T21:29:16","guid":{"rendered":"http:\/\/knsweb.net\/?page_id=993"},"modified":"2023-12-29T12:55:41","modified_gmt":"2023-12-29T11:55:41","slug":"logger","status":"publish","type":"page","link":"https:\/\/knsweb.net\/?page_id=993","title":{"rendered":"logger"},"content":{"rendered":"<p>> echo No busqu\u00e9is la historia del autor en esta p\u00e1gina. Esta es la historia de la web \ud83d\ude09<\/p>\n<p>KNS, knsweb.net, naci\u00f3 como proyecto de fin de curso, en uno de esos cursos de programaci\u00f3n y webmaster que tan de moda estaban hace algunos a\u00f1os. No siempre se llamo igual, inicialmente fue kusanagiweb, en honor a la Mayor Kusanagi Motoko de Ghost in the Shell uno de los manga (y anime) de mi autor favorito Shirow Masamune. Se llam\u00f3 as\u00ed principalmente por la parte sobre Jap\u00f3n y porque el domino estaba libre \ud83d\ude42<br \/>\nLa descripci\u00f3n de la web, Modded Life, en referencia al tema principal modding y a su extensi\u00f3n al resto de aspectos de la vida diaria (al estilo Hacker en un sentido no meramente inform\u00e1tico) ha estado ah\u00ed desde el inicio.<\/p>\n<p>La web ha pasado por tres dominios diferentes que engloban varias etapas (sobre todo est\u00e9ticas y f\u00edsicas, debido a las diferentes tecnolog\u00edas y modas que han ido surgiendo dentro de la red). Al principio, sobre agosto de 2002, fue Kusanagiweb.tk, un dominio gratuito para una web hospedada en Lycos\/Tripod. Era una web muy sencilla y totalmente est\u00e1tica, aunque el foro no tard\u00f3 demasiado en aparecer. Sin demasiados cambios, llego la era del .com, con kusanagiweb.com y hospedaje en Redcoruna. Durante la epoca del .com, hubo muchos cambios, sobre todo en la portada que como novedad principal, incluy\u00f3 el foro de la web, para un acceso m\u00e1s r\u00e1pido. Ya en esa \u00e9poca, el tema de Miniaturas, se incluy\u00f3 como uno de los tres pilares de la web, uniendose a Nippon y a Modding que hab\u00edan estado ah\u00ed desde el principio.<br \/>\n Fue en el \u00faltimo a\u00f1o del .com, cuando se renov\u00f3 la web entera para incluir el blog (wordpress) que ahora sirve de portada y poder estructurar mejor el contenido. Tambie\u0144 en la epoca del cambio al blog como CMS, se incluy\u00f3 la licencia Creative Commons (BY NC SA) como licencia para el uso de los contenidos de la web por terceros.<br \/>\nFinalmente, con el cambio a knsweb.net, se ha cerrado una etapa. Se mantiene el espiritu y el contenido (con renovaci\u00f3n est\u00e9tica m\u00ednima) pero el cambio de nombre era necesario (adem\u00e1s de por motivos de usabilidad) para adaptarse un poco a los cambios en Internet y darle tambi\u00e9n a la web, un nombre un poco m\u00e1s acorde con los temas tratados y un impulso (no hay que quedarse estancados). Se a\u00f1ade en la descripci\u00f3n las palabra japonesa \u30af\u30e2\u306e\u3059 escrito intencionadamente de esa manera) que significa literalmente <em>Telara\u00f1a<\/em>. Pero que ademas es un juego de palabras con los conceptos de Red\/Net\/Web y sobre todo (por la manera de escribirlo) podr\u00eda leerse como <em>La casa de Kumo<\/em>.<\/p>\n<p>En Marzo del 2006, naci\u00f3 m.kusanagiweb.com, luego m.knsweb.net, una versi\u00f3n muy reducida, a modo de escaparate, de la web, para poder visualizarse en tel\u00e9fonos m\u00f3viles (modelos antiguos). En verano del 2008, le sali\u00f3 un competidor. Mediante un plugin, pr\u00e1cticamente el 100% de la web pod\u00eda visualizarse correctamente en toda clase de dispositivo m\u00f3vil, utilizando el mismo dominio de acceso. Actualmente ya no es necesario nada de eso dada la tecnolog\u00eda m\u00f3vil y los navegadores que existentes.<\/p>\n<p>En Diciembre de 2009 a\u00f1ad\u00ed una cuenta de Twitter como complemento a los feeds RSS  tradicionales y posibilitar as\u00ed que m\u00e1s gente tenga acceso al contenido y puedan seguir las actualizaciones con mayor comodidad. Sin embargo, actualmente ya no es necesaria puesto que mi cuenta personal se hace eco de las publicaciones.<\/p>\n<p>El 28 de Febrero de 2010, tras casi 8 a\u00f1os en linea desde el 21 de Septiembre de 2002, se cierra el foro a nuevos temas. Pendiente de mover los post de inter\u00e9s a otras secciones de la web, antes de desinstalarlo. La falta de usuarios activos es la principal causa. En Marzo del mismo a\u00f1o, se termina de limpiar y se borra definitivamente.<\/p>\n<p>En 2021, tras varios cambios forzosos de hosting en los a\u00f1os anteriores al haber sido redcoruna comprada por HostEurope y esta a su vez por GoDaddy, decido mover la web a un servidor local para ahorrar costes (los precios segu\u00edan subiendo por un servicio igual o peor). Un peque\u00f1o proyecto de hardware y software como en los viejos tiempos que sin duda puede traer alg\u00fan quebradero de cabeza, pero que merece la pena. Aprovechando la migraci\u00f3n se hace limpieza de contenido para adelgazar la web.<\/p>\n<p>knsweb.net, en linea desde: 2k2-08-01<br \/>\nm.knsweb.net, en linea: 2k6-03-03 \/ 2k21-01-31<\/p>\n<p>Puedes contactar usando webmaster (at) knsweb.net o en las redes sociales.<\/p>\n","protected":false},"excerpt":{"rendered":"<p>> echo No busqu\u00e9is la historia del autor en esta p\u00e1gina. Esta es la historia de la web \ud83d\ude09 KNS, knsweb.net, naci\u00f3 como proyecto de fin de curso, en uno de esos cursos de programaci\u00f3n y webmaster que tan de moda estaban hace algunos a\u00f1os. No siempre se llamo igual, inicialmente fue kusanagiweb, en honor [&hellip;]<\/p>\n","protected":false},"author":1,"featured_media":0,"parent":0,"menu_order":0,"comment_status":"closed","ping_status":"closed","template":"","meta":{"ngg_post_thumbnail":0,"footnotes":""},"class_list":["post-993","page","type-page","status-publish","hentry"],"_links":{"self":[{"href":"https:\/\/knsweb.net\/index.php?rest_route=\/wp\/v2\/pages\/993","targetHints":{"allow":["GET"]}}],"collection":[{"href":"https:\/\/knsweb.net\/index.php?rest_route=\/wp\/v2\/pages"}],"about":[{"href":"https:\/\/knsweb.net\/index.php?rest_route=\/wp\/v2\/types\/page"}],"author":[{"embeddable":true,"href":"https:\/\/knsweb.net\/index.php?rest_route=\/wp\/v2\/users\/1"}],"replies":[{"embeddable":true,"href":"https:\/\/knsweb.net\/index.php?rest_route=%2Fwp%2Fv2%2Fcomments&post=993"}],"version-history":[{"count":0,"href":"https:\/\/knsweb.net\/index.php?rest_route=\/wp\/v2\/pages\/993\/revisions"}],"wp:attachment":[{"href":"https:\/\/knsweb.net\/index.php?rest_route=%2Fwp%2Fv2%2Fmedia&parent=993"}],"curies":[{"name":"wp","href":"https:\/\/api.w.org\/{rel}","templated":true}]}}