{"id":957,"date":"2008-12-30T22:28:53","date_gmt":"2008-12-30T21:28:53","guid":{"rendered":"http:\/\/knsweb.net\/?page_id=957"},"modified":"2021-01-29T20:10:09","modified_gmt":"2021-01-29T19:10:09","slug":"clima-y-geografia","status":"publish","type":"page","link":"https:\/\/knsweb.net\/?page_id=957","title":{"rendered":"Clima y geograf\u00eda"},"content":{"rendered":"<p><strong>Clima<\/strong><br \/>\nEl clima de un pa\u00eds, puede ser un factor importante, a la hora de decidirse a realizar un viaje, ya sea corto o largo. Para nuestra fortuna, Jap\u00f3n es un pa\u00eds muy asequible, en ese aspecto. Su climatolog\u00eda es bastante buena en casi todas las \u00e9pocas del a\u00f1o.<br \/>\nJap\u00f3n tiene cuatro estaciones del a\u00f1o, reales y bien diferenciadas. Podr\u00edamos pensar que es lo normal, pero para los ciudadanos nipones, Espa\u00f1a, (especialmente la zona centro), por ejemplo, solo tiene <em>dos<\/em> estaciones: Invierno y Verano. Esto se debe a que en casi todo Jap\u00f3n, las temperaturas son m\u00e1s suaves y las transiciones entre estaciones, menos bruscas. Sin embargo, recordemos que el archipielago japon\u00e9s, se extiende miles de kilometros de Norte (<em>Kita<\/em>) a Sur, (<em>Minami<\/em>) y esto hace que la variedad de temperaturas en todo el pais, sea alta; y abarcan desde las elevadas temperaturas, casi tropicales en Okinawa, la isla m\u00e1s meridional; Hasta las m\u00e1s bajas de las extensas zonas de alta monta\u00f1a o las casi polares de los inviernos en Hokkaido, la isla mas septentrional. Les pondremos un ejemplo de las t\u00edpicas  temperaturas de la zona de la capital, Tokyo, en la isla principal, (<em>Honshu<\/em>).<\/p>\n<table width=\"100%\" border=\"1\" bordercolor=\"#f2900b\" align=\"center\" cellspacing=\"0\" cellpadding=\"0\"  bgcolor=\"#111111\">\n<tr align=\"center\" valign=\"middle\">\n<td align=\"center\" valign=\"middle\"> <font size=\"2\"><b>Tokyo<\/b><\/font><\/td>\n<td><font size=\"2\"><b>ENE<\/b><\/font><\/td>\n<td> <font size=\"2\"><b>FEB<\/b><\/font><\/td>\n<td> <font size=\"2\"><b>MAR<\/b><\/font><\/td>\n<td> <font size=\"2\"><b>ABR<\/b><\/font><\/td>\n<td> <font size=\"2\"><b>MAY<\/b><\/font><\/td>\n<td> <font size=\"2\"><b>JUN<\/b><\/font><\/td>\n<td> <font size=\"2\"><b>JUL<\/b><\/font><\/td>\n<td> <font size=\"2\"><b>AGO<\/b><\/font><\/td>\n<td> <font size=\"2\"><b>SEP<\/b><\/font><\/td>\n<td> <font size=\"2\"><b>OCT<\/b><\/font><\/td>\n<td> <font size=\"2\"><b>NOV<\/b><\/font><\/td>\n<td> <font size=\"2\"><b>DIC<\/b><\/font><\/td>\n<\/tr>\n<tr valign=\"middle\" align=\"center\">\n<td bordercolor=\"#f2900b\"> <font size=\"2\"><b>Min:<\/b><\/font><\/td>\n<td bgcolor=\"#000099\" bordercolor=\"#f2900b\"><font size=\"2\">-1<\/font><\/td>\n<td bgcolor=\"#000099\" bordercolor=\"#f2900b\"><font size=\"2\">0<\/font><\/td>\n<td bgcolor=\"#009999\" bordercolor=\"#f2900b\"><font size=\"2\">2<\/font><\/td>\n<td bgcolor=\"#009999\" bordercolor=\"#f2900b\"><font size=\"2\">8<\/font><\/td>\n<td bgcolor=\"#009999\" bordercolor=\"#f2900b\"><font size=\"2\">12<\/font><\/td>\n<td bgcolor=\"#990000\" bordercolor=\"#f2900b\"> <font size=\"2\">17<\/font><\/td>\n<td bgcolor=\"#990000\" bordercolor=\"#f2900b\"> <font size=\"2\">21<\/font><\/td>\n<td bgcolor=\"#990000\" bordercolor=\"#f2900b\"> <font size=\"2\">22<\/font><\/td>\n<td bgcolor=\"#996600\" bordercolor=\"#f2900b\"> <font size=\"2\">19<\/font><\/td>\n<td bgcolor=\"#996600\" bordercolor=\"#f2900b\"> <font size=\"2\">13<\/font><\/td>\n<td bgcolor=\"#996600\" bordercolor=\"#f2900b\"> <font size=\"2\">6<\/font><\/td>\n<td bgcolor=\"#000099\" bordercolor=\"#f2900b\"> <font size=\"2\">1<\/font><\/td>\n<\/tr>\n<tr align=\"center\" valign=\"middle\">\n<td bordercolor=\"#f2900b\"> <font size=\"2\"><b>Max:<\/b><\/font><\/td>\n<td bgcolor=\"#000099\" bordercolor=\"#f2900b\"> <font size=\"2\">8<\/font><\/td>\n<td bgcolor=\"#000099\" bordercolor=\"#f2900b\"> <font size=\"2\">9<\/font><\/td>\n<td bgcolor=\"#009999\" bordercolor=\"#f2900b\"> <font size=\"2\">12<\/font><\/td>\n<td bgcolor=\"#009999\" bordercolor=\"#f2900b\"> <font size=\"2\">17<\/font><\/td>\n<td bgcolor=\"#009999\" bordercolor=\"#f2900b\"> <font size=\"2\">22<\/font><\/td>\n<td bgcolor=\"#990000\" bordercolor=\"#f2900b\"> <font size=\"2\">24<\/font><\/td>\n<td bgcolor=\"#990000\" bordercolor=\"#f2900b\"> <font size=\"2\">28<\/font><\/td>\n<td bgcolor=\"#990000\" bordercolor=\"#f2900b\"> <font size=\"2\">30<\/font><\/td>\n<td bgcolor=\"#996600\" bordercolor=\"#f2900b\"> <font size=\"2\">26<\/font><\/td>\n<td bgcolor=\"#996600\" bordercolor=\"#f2900b\"> <font size=\"2\">21<\/font><\/td>\n<td bgcolor=\"#996600\" bordercolor=\"#f2900b\"> <font size=\"2\">16<\/font><\/td>\n<td bgcolor=\"#000099\" bordercolor=\"#f2900b\"><font size=\"2\">11<\/font><\/td>\n<\/tr>\n<\/table>\n<p>Como comparaci\u00f3n, en Madrid, las temperaturas, son sensiblemente m\u00e1s altasen Verano, pero m\u00e1ss bajas en Invierno.<br \/>\nComo dec\u00eda al principio, Jap\u00f3n, abarca una gran gama de temperaturas, pero sin ser en su mayor extensi\u00f3n, extremas. La Primavera, (<em>Haru<\/em>) y el Oto\u00f1o (<em>Aki<\/em>), son suaves, agradables, no excesivamente calurosa una, ni demasiado frio el otro. Son las mejores estaciones, para viajar a Jap\u00f3n. En esas epocas se da el florecimiento de los almendros y cerezos, (<i>sakura<\/i>), y se celebran multitud de fiestas populares.<br \/>\nEl Invierno, no es demasiado severo y no es tan frio como Espa\u00f1a, salvo en las zonas monta\u00f1osas (recordad la imagen del Monte Fuji, nevado de forma casi permanente). Y al Norte, en Hokkaido, donde se han celebrado Juegos Olimpicos de Invierno.<br \/>\nEl Verano, aunque no tan caluroso como el de los paises mediterraneos, tiene una peculariedad, el monz\u00f3n. Durante Junio, suele llover a menudo; en Julio y Agosto, las temperaturas suben bastante. Esto, sumado a las lluvias, produce una alta humedad que te incita a no moverte de debajo del aire acondicionado. En Mayo ya se nota un aumento de la humedad que puede resultar molesto si no est\u00e1s acostumbrado (No olvid\u00e9is la ropa transpirable).<\/p>\n<p><strong>Geograf\u00eda<\/strong><br \/>\nNo hay mucho que decir sobre este tema, salvo que es un pa\u00eds muy poblado, pero con extensas areas de campo (monta\u00f1a y bosques principalmente) y que est\u00e1 formado por una infinidad m\u00e1s de islas, adem\u00e1s de las 4 que normalmente asociamos a Jap\u00f3n (Hokkaido, Honsu, shikkoku y Kyushu).  Adem\u00e1s de las monta\u00f1as y las imponentes ciudades, tambi\u00e9n se pueden encontrar inmensas playas llenas de dunas, barridas por el aire del Pac\u00edfico. Muchas, se encuentran protegidas, ya que las tortugas la susan para desovar. O las aguas termales del norte, donde en Invierno se ba\u00f1an los macacos de cara roja para combatir el fr\u00edo.<br \/>\nEl principal accidente geogr\u00e1fico (y m\u00e1s famoso) es el Monte Fuji, situado en la prefectura de Shizuoka y visible desde muchos kilometro a la redonda. Lagos y bosques pueblan sus faldas, visitables casi todo el a\u00f1o.<\/p>\n<figure style=\"width: 410px\" class=\"wp-caption aligncenter\"><a href=\"\/images\/nippon\/culturageneral\/mapas\/japon_fisico.jpg\"><img loading=\"lazy\" decoding=\"async\" src=\"\/images\/nippon\/culturageneral\/mapas\/japon_fisico.jpg\" alt=\"Mapa F\u00edsico de Jap\u00f3n\" title=\"Mapa F\u00edsico de Jap\u00f3n\" width=\"100\" height=\"100\" \/><\/a> <a href=\"\/images\/nippon\/culturageneral\/mapas\/japon_politico.jpg\"><img loading=\"lazy\" decoding=\"async\" src=\"\/images\/nippon\/culturageneral\/mapas\/japon_politico.jpg\" alt=\"Mapa Pol\u00edtico de Jap\u00f3n\" title=\"Mapa Pol\u00edtico de Jap\u00f3n\" width=\"100\" height=\"100\" \/><\/a> <a href=\"\/images\/nippon\/culturageneral\/mapas\/japon_prefecturas.jpg\"><img loading=\"lazy\" decoding=\"async\" src=\"\/images\/nippon\/culturageneral\/mapas\/japon_prefecturas.jpg\" alt=\"Divisi\u00f3n en Prefecturas\" title=\"Divisi\u00f3n en Prefecturas\" width=\"100\" height=\"100\" \/><\/a> <a href=\"\/images\/nippon\/culturageneral\/mapas\/japon_metrotokyo.gif\"><img loading=\"lazy\" decoding=\"async\" src=\"images\/nippon\/culturageneral\/mapas\/japon_metrotokyo.gif\" alt=\"Metro de Tokyo\" title=\"Metro de Tokyo\" width=\"100\" height=\"100\" \/><\/a><figcaption class=\"wp-caption-text\">Mapas de Jap\u00f3n (Haz click)<\/figcaption><\/figure>\n","protected":false},"excerpt":{"rendered":"<p>Clima El clima de un pa\u00eds, puede ser un factor importante, a la hora de decidirse a realizar un viaje, ya sea corto o largo. Para nuestra fortuna, Jap\u00f3n es un pa\u00eds muy asequible, en ese aspecto. Su climatolog\u00eda es bastante buena en casi todas las \u00e9pocas del a\u00f1o. Jap\u00f3n tiene cuatro estaciones del a\u00f1o, [&hellip;]<\/p>\n","protected":false},"author":1,"featured_media":0,"parent":8,"menu_order":0,"comment_status":"closed","ping_status":"open","template":"","meta":{"ngg_post_thumbnail":0,"footnotes":""},"class_list":["post-957","page","type-page","status-publish","hentry"],"_links":{"self":[{"href":"https:\/\/knsweb.net\/index.php?rest_route=\/wp\/v2\/pages\/957","targetHints":{"allow":["GET"]}}],"collection":[{"href":"https:\/\/knsweb.net\/index.php?rest_route=\/wp\/v2\/pages"}],"about":[{"href":"https:\/\/knsweb.net\/index.php?rest_route=\/wp\/v2\/types\/page"}],"author":[{"embeddable":true,"href":"https:\/\/knsweb.net\/index.php?rest_route=\/wp\/v2\/users\/1"}],"replies":[{"embeddable":true,"href":"https:\/\/knsweb.net\/index.php?rest_route=%2Fwp%2Fv2%2Fcomments&post=957"}],"version-history":[{"count":0,"href":"https:\/\/knsweb.net\/index.php?rest_route=\/wp\/v2\/pages\/957\/revisions"}],"up":[{"embeddable":true,"href":"https:\/\/knsweb.net\/index.php?rest_route=\/wp\/v2\/pages\/8"}],"wp:attachment":[{"href":"https:\/\/knsweb.net\/index.php?rest_route=%2Fwp%2Fv2%2Fmedia&parent=957"}],"curies":[{"name":"wp","href":"https:\/\/api.w.org\/{rel}","templated":true}]}}