{"id":918,"date":"2008-12-29T21:41:24","date_gmt":"2008-12-29T20:41:24","guid":{"rendered":"http:\/\/knsweb.net\/?page_id=918"},"modified":"2021-01-29T20:12:41","modified_gmt":"2021-01-29T19:12:41","slug":"el-cine-japones-y-sus-topicos","status":"publish","type":"page","link":"https:\/\/knsweb.net\/?page_id=918","title":{"rendered":"El cine japon\u00e9s y sus t\u00f3picos."},"content":{"rendered":"<p>Continuando con m\u00ed anterior articulo de <strong>Dolls<\/strong> y a ra\u00edz de una conversaci\u00f3n con un par de chicas japonesas muy simp\u00e1ticas, producida por la ultima cinta de <em>Kitano<\/em>; He pensado que no estar\u00eda dem\u00e1s analizar un poco el cine japon\u00e9s que nos llega. Como no soy <em>Garci<\/em>, ni voy a aburriros ni a destrozaros los mitos (bueno, no mucho ^_^)..<\/p>\n<p>Citare algunos directores con renombre, mas que nada porque son los que le pudieran sonar a cualquier no aficionado al cine japon\u00e9s, <em>manganime<\/em>, etc&#8230; De hecho no voy a hablar del <em>anime<\/em>, uno de los grandes negocios de las salas de cine japonesas, porque su situaci\u00f3n en occidente es, desgraciadamente, muy triste. Pero antes dir\u00e9 que el cine de imagen real que nos llega a Espa\u00f1a (tan escaso y espaciado T_T) casi no se ve en Jap\u00f3n. \u00bfY por qu\u00e9? Pues porque all\u00ed no gusta demasiado.<\/p>\n<figure style=\"width: 500px\" class=\"wp-caption aligncenter\"><img loading=\"lazy\" decoding=\"async\" src=\"\/images\/nippon\/cinejapo\/7samurai_med.jpg\" alt=\"Kurosawa Akira no Shichin no Samurai\" title=\"Kurosawa Akira no Shichin no Samurai\" width=\"500\" height=\"356\" \/><figcaption class=\"wp-caption-text\">Kurosawa Akira no Shichin no Samurai. Source: Internet<\/figcaption><\/figure>\n<p><strong>El cine de <em>samurai<\/em> de <em>Kurosawa Akira<\/em><\/strong><br \/>\nSi en occidente no gustan demasiado las pelis antiguas, salvando honrosas excepciones, imaginaos en el pa\u00eds de la modernidad.<br \/>\nPuede que a mi abuela, como a muchos de vuestros parientes mas mayores, le gusten las pel\u00edculas del oeste (de una \u00e9poca y tem\u00e1tica &#8220;an\u00e1logas&#8221;) pero os aseguro que las pel\u00edculas de <em>Kurosawa Akira<\/em> sobre <em>samurai<\/em>, ya no las ven ni los abuelos japoneses (o mejor dicho, solo ellos. Aunque series como <strong>Shinsengumi<\/strong> con <em>Katori Shingo<\/em>, acercan al tem\u00e1tica al p\u00fablico joven). \u00bfPor qu\u00e9? Pues quiz\u00e1s, y es una idea m\u00eda, por que se hicieron un poco tarde para la moda de la \u00e9poca, porque duran demasiado (algunas mas de 3 horas, como <strong>Los 7 Samurais<\/strong>) porque sus temas recuerdan cosas que no son demasiado agradables (recordad que acababan de salir de una guerra) porque son en blanco y negro, etc&#8230;<\/p>\n<p>Pero quiz\u00e1s teng\u00e1is la tentaci\u00f3n de decir: &#8220;Ese cine ya no se hace!&#8221; Recordad <strong>Gohatto<\/strong>, de reciente aparici\u00f3n, la misma tem\u00e1tica, con un tratamiento muy similar (aunque en menos tiempo) y encima llena de gays (lo cual daba una idea muy equivocada de la \u00e9poca, e hizo que me riera mucho a leer una desacertada critica sobre el tema en cierta revista de <em>manganime<\/em> del grupo Ares, en la que casi daban por sentado que la patrulla <em>shinsen<\/em> era poco mas que un grupo de &#8220;locas&#8221; y eso era normal) y de las gracias, muy personales, del se\u00f1or <em>Kitano<\/em>. Y al menos en las de <em>Kurosawa<\/em> hab\u00eda grandes duelos a espada.<\/p>\n<p>Y hay ejemplos, m\u00e1s recientes (<strong>Twilight Samurai<\/strong>, <strong>El Ultimo Samurai<\/strong>, etc&#8230;), pero con un regusto parecido. Y que como sus predecesoras (o la propia <strong>Gohatto<\/strong> que vi en una sala casi vac\u00eda) no cosechan, precisamente, \u00e9xitos de taquilla (o ventas) en Espa\u00f1a y han quedado relegadas a los cine-clubs y similares. <strong>El Ultimo Samurai<\/strong>, es exitosa, si, pero solo porque la firma <em>Tom Cruise<\/em>.<\/p>\n<p>Y si de nuevo ten\u00e9is la tentaci\u00f3n de decir: &#8220;Es que las pelis de <em>samurai<\/em> son muy aburridas! Yo solo veo cosas modernas!&#8221; Os respondo con el siguiente bloque.<\/p>\n<figure style=\"width: 500px\" class=\"wp-caption aligncenter\"><img loading=\"lazy\" decoding=\"async\" src=\"\/images\/nippon\/cinejapo\/sonatine_med.jpg\" alt=\"Beat Takeshis Sonatine\" title=\"Beat Takeshis Sonatine\" width=\"500\" height=\"281\" \/><figcaption class=\"wp-caption-text\">Beat Takeshi&#39;s Sonatine. Source: Internet<\/figcaption><\/figure>\n<p><strong>El cine de <em>yakuza<\/em> de <em>Kitano Takeshi<\/em><\/strong><br \/>\nLas sangrientas pel\u00edculas de mafiosos japoneses que tanta fama internacional han reportado a <em>Kitano<\/em>, salvo excepciones, tampoco son muy apreciadas en Jap\u00f3n. Si bien son mas vistas porque son mucho m\u00e1s modernas y !Que co\u00f1o, a quien no le gusta una buena pel\u00edcula de tiros! Pero aun as\u00ed, siguen siendo tan cr\u00edpticas para occidentales como para orientales. Cierto es que el ser japon\u00e9s te simplifica entender muchas cosas, pero no te da la capacidad de entender a <em>Kitano<\/em>. De hecho, una cosa com\u00fan a muchas de las pel\u00edculas de este director y que las descalifica ante el publico japon\u00e9s, es el peque\u00f1o logotipo blanco sobre fondo negro con dos hojas de palma cruzadas, s\u00edmbolo del <strong>Festival Internacional de Cannes<\/strong>. Y es que no es la primera vez que escucho a un japon\u00e9s o a un espa\u00f1ol decir eso de: &#8220;es que las pel\u00edculas de Cannes no hay quien las entienda&#8221;. Buena culpa de ello es esa aura elitista-intelectual de &#8220;solo para cin\u00e9filos&#8221; del que se ha rodeado el susodicho certamen. \u00bfY que tiene que ver todo esto con <em>Kitano<\/em>? Pues que muchas de sus pel\u00edculas, no solo han participado en Cannes, si no que adem\u00e1s han ganado. Y a <em>Kitano Takeshi<\/em> que no tiene un pelo de tonto, le encanta ganar y adem\u00e1s se ha dado cuenta del potencial que representa el publico extranjero. Es decir puede seguir haciendo las mismas pel\u00edculas japonesas (m\u00e1s raras aun si cabe) que aunque en Jap\u00f3n no triunfen, en occidente se forra. Por una parte es l\u00f3gico que \u00e9l que se produce sus propias pel\u00edculas este deseoso de sacarles beneficios con premios y publicidad, por otra parte eso implica que hasta nuestras ret\u00edculas solo llega una visi\u00f3n muy parcial del cine japon\u00e9s.<\/p>\n<p>Y eso es un gran problema porque muchas de esas pel\u00edculas est\u00e1n cargadas de t\u00f3picos que hay que saber extraer de la realidad.<\/p>\n<p>Por suerte para nosotros, muy de vez en cuando y como <strong>Dark Water<\/strong>, a colaci\u00f3n de un remake americano de una cinta del mismo director, <em>Tanaka Hideo<\/em>, <strong>Ringu<\/strong>, nos llega algo diferente. <strong>Agua Tibia bajo el Puente Rojo<\/strong> (hace alg\u00fan tiempo), <strong>Ju-On<\/strong> 1 y 2(y alguna mas que pronto desembarcara en nuestras carteleras como) por citar algunos t\u00edtulos, son muestras de cine japon\u00e9s algo mas &#8220;moderno&#8221; (en el sentido de la pluralidad de contenidos). Aunque como todo, es cuesti\u00f3n de gustos.<\/p>\n<figure style=\"width: 430px\" class=\"wp-caption aligncenter\"><img loading=\"lazy\" decoding=\"async\" src=\"\/images\/nippon\/cinejapo\/ghibli_med.gif\" alt=\"Studio Ghibli\" title=\"Studio Ghibli\" width=\"430\" height=\"242\" \/><figcaption class=\"wp-caption-text\">Studio Ghibli. Source: Internet<\/figcaption><\/figure>\n<p><strong><em>Ghibli<\/em> y su estudio<\/strong><br \/>\nY aunque al principio he dicho que no iba a hablar de <em>anime<\/em>, no he podido dejar de pensar que pel\u00edculas como <strong>Mononoke Hime<\/strong> (La Princesa Mononoke), <strong>Sen to Chihiro no Kamikakushi<\/strong> (El viaje de Chihiro) o <strong>Tonari no Totoro<\/strong>, Todas del <em>Studio Ghibli<\/em>, no dejan de ser tambi\u00e9n una mala muestra del cine de animaci\u00f3n que se ve activamente en los cines Japoneses. No dejan de ser una mala muestra, por que son de un solo estudio (De <strong>Akira<\/strong> en cine lo dejo para los dinosaurios del <em>manganime<\/em> como yo. Y las pelis de <strong>Pokemon<\/strong>&#8230; Me niego a considerarlas &#8220;cine&#8221;), porque es una cantidad rid\u00edcula de pel\u00edculas (de hecho <strong>Totoro<\/strong> no llego a los cines) y porque, a pesar de lo que pueda parecer, su argumento y su desarrollo no son tan distintos. Y para colmo, <strong>Sen to Chihiro<\/strong> tambi\u00e9n lleva el estigma de haber sido premiada en un festival de cine europeo (aunque <em>Miyazaki<\/em>, su director, se llevo un Oscar, premio a la &#8220;comercializaci\u00f3n) cuna de los &#8220;entendidos&#8221; en cine. Adem\u00e1s todos conoc\u00e9is la riqueza tem\u00e1tica del anime, \u00bfNo os extra\u00f1a que aqu\u00ed siempre nos llegue el mismo tipo de pel\u00edcula &#8220;para ni\u00f1os&#8221; que en realidad es para adultos y que no entiende ni El Papa? (No es tan raro si consideramos que las distribuye Buena Vista = Disney)<br \/>\nPara ser justos dir\u00e9 que por ser pel\u00edculas de animaci\u00f3n (y no espa\u00f1olas, vease el <strong>Bosque Animado<\/strong>&#8230; tiene cojones la cosa -_-U) lo tienen m\u00e1s dif\u00edcil para poblar las carteleras espa\u00f1olas.<\/p>\n<p>Si os parece que he sido algo duro con el cine japon\u00e9s&#8230; &#8220;casi de exportaci\u00f3n&#8221; dejadme que os aclare que ha sido porque he tratado de no parecer muy parcial. Vi <strong>Sen to Chihiro<\/strong> en japon\u00e9s (antes incluso de que se estrenara y gracias a una amiga japonesa) y me encant\u00f3. He visto una buena parte de pel\u00edculas de <em>samurai<\/em> (y no solo las del conocido <em>Kurosawa<\/em>) y me gustan. Disfruto con <em>Kitano<\/em> y su sentido extravagante del humor y sus masacres. He incluso las cuestionables pel\u00edculas Am\u00e9rico-japonesas, recargadas de t\u00f3picos hasta la saciedad (como <strong>Black Rain<\/strong>, <strong>Yakuza<\/strong>, <strong>El Ultimo samurai<\/strong>, <strong>Kill Bill<\/strong> o la oscarizada <strong>Pearl Harbor<\/strong> con su escena, totalmente incre\u00edble y fuera de lugar, de las <em>geisha<\/em> en medio de un bombardeo; o <strong>Tora!Tora!Tora!<\/strong>) me gustan. Pero claro, yo no soy japon\u00e9s&#8230;<\/p>\n<p>P.D.: En Jap\u00f3n una entrada de cine cuesta unos 14 o 15\u20ac&#8230; Hay que pensarse muy bien lo que vas a ver antes de entrar ^_^U. Adem\u00e1s normalmente solo se doblan las pel\u00edculas para televisi\u00f3n y en los cines se emiten en V.O.<\/p>\n<p>Por <strong>Kumo<\/strong><\/p>\n","protected":false},"excerpt":{"rendered":"<p>Continuando con m\u00ed anterior articulo de Dolls y a ra\u00edz de una conversaci\u00f3n con un par de chicas japonesas muy simp\u00e1ticas, producida por la ultima cinta de Kitano; He pensado que no estar\u00eda dem\u00e1s analizar un poco el cine japon\u00e9s que nos llega. Como no soy Garci, ni voy a aburriros ni a destrozaros los [&hellip;]<\/p>\n","protected":false},"author":1,"featured_media":0,"parent":8,"menu_order":0,"comment_status":"closed","ping_status":"open","template":"","meta":{"ngg_post_thumbnail":0,"footnotes":""},"class_list":["post-918","page","type-page","status-publish","hentry"],"_links":{"self":[{"href":"https:\/\/knsweb.net\/index.php?rest_route=\/wp\/v2\/pages\/918","targetHints":{"allow":["GET"]}}],"collection":[{"href":"https:\/\/knsweb.net\/index.php?rest_route=\/wp\/v2\/pages"}],"about":[{"href":"https:\/\/knsweb.net\/index.php?rest_route=\/wp\/v2\/types\/page"}],"author":[{"embeddable":true,"href":"https:\/\/knsweb.net\/index.php?rest_route=\/wp\/v2\/users\/1"}],"replies":[{"embeddable":true,"href":"https:\/\/knsweb.net\/index.php?rest_route=%2Fwp%2Fv2%2Fcomments&post=918"}],"version-history":[{"count":0,"href":"https:\/\/knsweb.net\/index.php?rest_route=\/wp\/v2\/pages\/918\/revisions"}],"up":[{"embeddable":true,"href":"https:\/\/knsweb.net\/index.php?rest_route=\/wp\/v2\/pages\/8"}],"wp:attachment":[{"href":"https:\/\/knsweb.net\/index.php?rest_route=%2Fwp%2Fv2%2Fmedia&parent=918"}],"curies":[{"name":"wp","href":"https:\/\/api.w.org\/{rel}","templated":true}]}}