{"id":9,"date":"2007-04-16T22:32:39","date_gmt":"2007-04-16T20:32:39","guid":{"rendered":"http:\/\/kusanagiweb.com\/wordpress\/?page_id=9"},"modified":"2021-01-29T21:19:41","modified_gmt":"2021-01-29T20:19:41","slug":"minis","status":"publish","type":"page","link":"https:\/\/knsweb.net\/?page_id=9","title":{"rendered":"\/modelismo"},"content":{"rendered":"<h3 style=\"text-align:center\">\n&#8211; Nota importante: Esta secci\u00f3n est\u00e1 reformandose y el escaso contenido que queda es m\u00e1s un recordatorio de tareas pendientes que una muestra de trabajos real. Todo el contenido sobre miniaturas actualizado podr\u00e9is encontrarlo en los post <a href=\"https:\/\/knsweb.net\/?s=wargames+Fridays\">Wargames Fridays<\/a> o bien en la categor\u00eda de <a href=\"https:\/\/knsweb.net\/?cat=59\">Miniaturas<\/a>. &#8211;<br \/>\n<\/h3>\n<p>Antes de empezar a desguazar PCs para modificarlos, ya pintaba miniaturas y hacia maquetas. Espero que encontr\u00e9is la secci\u00f3n interesante y os proporcione ideas para vuestras minis y dioramas&#8230; o incluso Mods.<\/p>\n<h3><img loading=\"lazy\" decoding=\"async\" src=\"\/images\/minis\/minis2.gif\" width=\"50\" height=\"56\" align=\"bottom\"\/> Battletech \/ Macross:<\/h3>\n<p>Si hay un juego de tablero y miniaturas o un anime que me guste, ese es <strong>Battletech<\/strong>. Un juego de &#8220;mechas&#8221; basado en el universo del fabuloso anime japones <em>Super Dimensional Fortress Macross<\/em> de mediados de los &#8217;80 (Aqu\u00ed se llam\u00f3 <em>Robotech<\/em>).<br \/>\nLa versi\u00f3n original del juego apenas contaba con una veintena de miniaturas, muchas de ellas suministradas como fichas de carton con la caja del juego, repressentando los  principales Mechs que habia en la serie de TV japonesa (EN realidad son modelos de dos series diferentes del mismo autor de Macross). Con el tiempo, pronto crecio el universo de miniaturas el rico transfondo del juego, llegando a ser muy popular como juego de rol, cartas, novelas, ordenador o videoconsola y llegando a contar con una serie de dibujos de tematica propia y gran cantidad de gadgets que se iban distancia de las versiones iniciales del juego (entre otras cosas por problemas de derechos con las compa\u00f1ias japonesas). <br \/> La version original y ampliaciones posteriores hasta el incio de la era de los Clanes sigue siendo la mejor para mi. En Estados Unidos lleg\u00f3 a contar con un centro donde te introducias en simuladores de mechs reales para jugar las partidas.<br \/>Aunque nunca completa debido a los muchos cambios y a la dificultad para encontrar ahora muchas de esas miniaturas, mi coleeci\u00f3n abarca un centenar de las mismas, ya sea en pl\u00e1stico o metal, Mechs o cazas e incluso tanques. <\/p>\n<h3><img loading=\"lazy\" decoding=\"async\" src=\"\/images\/minis\/minis.gif\" width=\"48\" height=\"56\" align=\"bottom\"\/> Warhammer 40.000:<\/h3>\n<p>El <strong>Rogue Trader<\/strong>, m\u00e1s tarde <strong>Warhammer 40.000<\/strong> (40K) llego a Espa\u00f1a (al gran publico) no de la mano de Games Workshop, si no con las versiones m\u00e1s o menos exitosas que MB habia hecho de este juego en colaboraci\u00f3n con Citadel para ir dando a conocer el universo Warhammer. Me refiero, al <strong>Heroquest<\/strong>, <strong>Battlemaster<\/strong>, <strong>Space Hulk<\/strong> (que cuenta con 2 juegos de ordenador y expansiones) o <strong>Cruzada Estelar<\/strong> (que tenia diferentes expansiones que aqui casi ni se vieron. Y alguna versi\u00f3n computerizada). Muchas de mis minis son de esa epoca y creo que en algunos aspectos eran mejores que las de ahora. A\u00fan as\u00ed tengo un poco de todo y en muchos casos, modificado a mi gusto.<br \/>\n<br \/>\nDescubre mis minis de W40K <a href=\"\/images\/minis\/w40k.htm\" target=\"_self\" rel=\"noopener\">aqu\u00ed<\/a> (Versi\u00f3n antigua).<\/p>\n<ul>\n<li>Escenograf\u00eda:\n<ul>\n<li><a href=\"\/?page_id=1818\" target=\"_self\" rel=\"noopener\">Fortaleza de la Redenci\u00f3n de los Angeles Oscuros<\/a><\/li>\n<li><a href=\"\/?page_id=1852\" target=\"_self\" rel=\"noopener\">Silo de misiles de los Angeles Sangrientos<\/a><\/li>\n<li><a href=\"https:\/\/knsweb.net\/?page_id=1881\">El Castillo, Basti\u00f3n Imperial<\/a><\/li>\n<li><a href=\"\/?page_id=1619\" target=\"_self\" rel=\"noopener\">Parque Imperial<\/a><\/li>\n<\/ul>\n<\/li>\n<\/ul>\n<p><\/p>\n<h3>Otros:<\/h3>\n<\/p>\n<p>Entre otras muchas cosas he pintado un buen n\u00famero de aviones (Me encantan los cazas de la WWII) y naves espaciales (de Star Wars principalmente). Adem\u00e1s de otro tipo de miniaturas de estilos diferentes.<\/p>\n<ul>\n<li><a href=\"\/?page_id=1762\" target=\"_self\" rel=\"noopener\">KNS Arena of Death<\/a><\/li>\n<\/ul>\n","protected":false},"excerpt":{"rendered":"<p>&#8211; Nota importante: Esta secci\u00f3n est\u00e1 reformandose y el escaso contenido que queda es m\u00e1s un recordatorio de tareas pendientes que una muestra de trabajos real. Todo el contenido sobre miniaturas actualizado podr\u00e9is encontrarlo en los post Wargames Fridays o bien en la categor\u00eda de Miniaturas. &#8211; Antes de empezar a desguazar PCs para modificarlos, [&hellip;]<\/p>\n","protected":false},"author":1,"featured_media":0,"parent":0,"menu_order":1,"comment_status":"closed","ping_status":"closed","template":"","meta":{"ngg_post_thumbnail":0,"footnotes":""},"class_list":["post-9","page","type-page","status-publish","hentry"],"_links":{"self":[{"href":"https:\/\/knsweb.net\/index.php?rest_route=\/wp\/v2\/pages\/9","targetHints":{"allow":["GET"]}}],"collection":[{"href":"https:\/\/knsweb.net\/index.php?rest_route=\/wp\/v2\/pages"}],"about":[{"href":"https:\/\/knsweb.net\/index.php?rest_route=\/wp\/v2\/types\/page"}],"author":[{"embeddable":true,"href":"https:\/\/knsweb.net\/index.php?rest_route=\/wp\/v2\/users\/1"}],"replies":[{"embeddable":true,"href":"https:\/\/knsweb.net\/index.php?rest_route=%2Fwp%2Fv2%2Fcomments&post=9"}],"version-history":[{"count":0,"href":"https:\/\/knsweb.net\/index.php?rest_route=\/wp\/v2\/pages\/9\/revisions"}],"wp:attachment":[{"href":"https:\/\/knsweb.net\/index.php?rest_route=%2Fwp%2Fv2%2Fmedia&parent=9"}],"curies":[{"name":"wp","href":"https:\/\/api.w.org\/{rel}","templated":true}]}}