{"id":8,"date":"2007-04-16T22:31:56","date_gmt":"2007-04-16T20:31:56","guid":{"rendered":"http:\/\/kusanagiweb.com\/wordpress\/?page_id=8"},"modified":"2024-12-08T16:46:01","modified_gmt":"2024-12-08T15:46:01","slug":"nippon","status":"publish","type":"page","link":"https:\/\/knsweb.net\/?page_id=8","title":{"rendered":"\/nippon"},"content":{"rendered":"<figure style=\"width: 384px\" class=\"wp-caption aligncenter\"><img loading=\"lazy\" decoding=\"async\" src=\"\/images\/nippon\/hmmtsucastle.gif\" alt=\"Castillo de Hamamatsu\" title=\"Hamamatsu no Tokugawa no shiro\" width=\"384\" height=\"256\" \/><figcaption class=\"wp-caption-text\">Castillo de Hamamatsu<\/figcaption><\/figure>\n<p>Desde hace bastante tiempo, he estado involucrado en la cultura japonesa (&#8230;Y no solo en las fiestas que anuncio en el <a href=\"https:\/\/knsweb.net\/forum\">foro<\/a>). Escrib\u00ed para varias revistas de animaci\u00f3n y cultura nipona. Concretamente las conocidas, <strong>Minami<\/strong> y <strong>Animedia<\/strong>  (hasta el numero 9, antes de la Jo****sen) de tirada nacional; y tambi\u00e9n para <strong>Dai-Con<\/strong> y <strong>Al Sur de los Pirineos<\/strong> (con menor tirada. Y desgraciadamente no guardo el art\u00edculo); e incluso para alguna con una X en su nombre&#8230;  Algunas de esas revistas ya han desaparecido y eso me ha llevado a pensar que tanto para mi como para vosotros, el mejor medio (y gratis) para dar a conocer esos articulos, es Internet. <br \/> Adem\u00e1s, por los comentarios del antiguo foro he comprobado que las noticias y eventos relacionados con Jap\u00f3n tambi\u00e9n os interesan bastante. Quizas sea cosa de&#8230; errr&#8230; <em>geeks<\/em>&#8230; No lo se ^_^U<\/p>\n<p>En esta secci\u00f3n, incluyo parte de los art\u00edculos que escrib\u00ed para las revistas y experiencias varias (a ver si organizo la narrativa y fotos de mis viajes a tierras del Sol Naciente&#8230;). As\u00ed como algunas otras cosas, como mapas y frases \u00fatiles. Me he centrado en los articulos de cultura, ya que los que revisan un manga o un anime en concreto, quedan r\u00e1pidamente obsoletos o pasados de moda y son menos interesantes. A\u00fan as\u00ed les echar\u00e9 un ojo, por si hubiera alguno rescatable.<\/p>\n<hr \/>\n<ul type=\"square\">\n<li><strong>Art\u00edculos<\/strong><\/li>\n<ol>\n<li><a href=\"?page_id=977\" target=\"_self\" rel=\"noopener\">El Fugu<\/a><\/li>\n<li><a href=\"?page_id=982\" target=\"_self\" rel=\"noopener\">Los Ryokan<\/a><\/li>\n<li><a href=\"?page_id=972\" target=\"_self\" rel=\"noopener\">Bon-Odori<\/a><\/li>\n<li><a href=\"?page_id=918\" target=\"_self\" rel=\"noopener\">Cine Japon\u00e9s<\/a><\/li>\n<li><a href=\"?page_id=916\" target=\"_self\" rel=\"noopener\">Dolls (Kitano Takeshi)<\/a><\/li>\n<li><a href=\"?page_id=1263\" target=\"_self\" rel=\"noopener\">El Go<\/a><\/li>\n<li><a href=\"?page_id=1309\" target=\"_self\" rel=\"noopener\">Miyamoto Musashi y el Jap\u00f3n Medieval<\/a><\/li>\n<li><a href=\"?page_id=1289\" target=\"_self\" rel=\"noopener\">Kendo: El camino de la Espada.<\/a><\/li>\n<li><a href=\"?page_id=1311\" target=\"_self\" rel=\"noopener\">El Manga (I) &#8211; Algo m\u00e1s que un comic<\/a><\/li>\n<li><a href=\"?page_id=911\" target=\"_self\" rel=\"noopener\">El Manga (II) &#8211; El manga en Espa\u00f1a (Entrevista)<\/a><\/li>\n<li><a href=\"?page_id=914\" target=\"_self\" rel=\"noopener\">El mochi<\/a><\/li>\n<\/ol>\n<li><strong>Cultura General<\/strong><\/li>\n<ol>\n<li><a href=\"?page_id=957\" target=\"_self\" rel=\"noopener\">Clima y Geograf\u00eda<\/a><\/li>\n<li><a href=\"?page_id=951\" target=\"_self\" rel=\"noopener\">Frases en Japon\u00e9s<\/a><\/li>\n<\/ol>\n<\/ul>\n","protected":false},"excerpt":{"rendered":"<p>Desde hace bastante tiempo, he estado involucrado en la cultura japonesa (&#8230;Y no solo en las fiestas que anuncio en el foro). Escrib\u00ed para varias revistas de animaci\u00f3n y cultura nipona. Concretamente las conocidas, Minami y Animedia (hasta el numero 9, antes de la Jo****sen) de tirada nacional; y tambi\u00e9n para Dai-Con y Al Sur [&hellip;]<\/p>\n","protected":false},"author":1,"featured_media":0,"parent":0,"menu_order":2,"comment_status":"closed","ping_status":"closed","template":"","meta":{"ngg_post_thumbnail":0,"footnotes":""},"class_list":["post-8","page","type-page","status-publish","hentry"],"_links":{"self":[{"href":"https:\/\/knsweb.net\/index.php?rest_route=\/wp\/v2\/pages\/8","targetHints":{"allow":["GET"]}}],"collection":[{"href":"https:\/\/knsweb.net\/index.php?rest_route=\/wp\/v2\/pages"}],"about":[{"href":"https:\/\/knsweb.net\/index.php?rest_route=\/wp\/v2\/types\/page"}],"author":[{"embeddable":true,"href":"https:\/\/knsweb.net\/index.php?rest_route=\/wp\/v2\/users\/1"}],"replies":[{"embeddable":true,"href":"https:\/\/knsweb.net\/index.php?rest_route=%2Fwp%2Fv2%2Fcomments&post=8"}],"version-history":[{"count":0,"href":"https:\/\/knsweb.net\/index.php?rest_route=\/wp\/v2\/pages\/8\/revisions"}],"wp:attachment":[{"href":"https:\/\/knsweb.net\/index.php?rest_route=%2Fwp%2Fv2%2Fmedia&parent=8"}],"curies":[{"name":"wp","href":"https:\/\/api.w.org\/{rel}","templated":true}]}}