{"id":658,"date":"2008-10-28T20:11:05","date_gmt":"2008-10-28T19:11:05","guid":{"rendered":"http:\/\/kusanagiweb.com\/?page_id=658"},"modified":"2021-01-29T21:04:35","modified_gmt":"2021-01-29T20:04:35","slug":"upgrade-de-un-hdd-freecom","status":"publish","type":"page","link":"https:\/\/knsweb.net\/?page_id=658","title":{"rendered":"Upgrade de un HDD Freecom"},"content":{"rendered":"<p>> echo Me gustan estos discos duros Freecom. Son solidos, r\u00e1pidos y est\u00e1n bien construidos. Y tengo 2. Eso significa que puedo compartir el cable USB y el adaptador de corriente sin tener mas cables por medio. El problema es que uno de los dos que tengo es de &#8220;tan solo&#8221; <a href=\"http:\/\/www.freecom.com\/ecproduct_detail.asp?ID=2734&#038;CatID=8020&#038;sCatID=1146184&#038;ssCatID=1146551\" target=\"_blank\" rel=\"noopener\">250GB<\/a>. Y ya toca actualizarlo.<br \/>\nLos modelos nuevos que he visto \u00faltimamente, son de pl\u00e1stico negro y no de aluminio, un punto en contra porque cuestan lo mismo. Adem\u00e1s el coste de un disco IDE de 500GB es bastante inferior al de una unidad nueva completa. Cambiar el disco es la mejor opci\u00f3n, si tienes ganas de entretenerte.<br \/>\nPara muchos discos de este tipo, el procedimiento es casi id\u00e9ntico. Solo hace falta asegurarse, antes, de si el disco es <a href=\"http:\/\/en.wikipedia.org\/wiki\/Serial_ATA\" target=\"_blank\" rel=\"noopener\">SATA<\/a> o IDE (<a href=\"http:\/\/en.wikipedia.org\/wiki\/AT_Attachment\" target=\"_blank\" rel=\"noopener\">PATA<\/a>).<\/p>\n<figure style=\"width: 500px\" class=\"wp-caption aligncenter\"><img loading=\"lazy\" decoding=\"async\" alt=\"HDD Freecom 250GB\" src=\"\/images\/hardware\/freecom250\/freecom250_1med.jpg\" title=\"HDD Freecom 250GB\" width=\"500\" height=\"375\" \/><figcaption class=\"wp-caption-text\">HDD Freecom 250GB<\/figcaption><\/figure>\n<p><strong>Invalidando la garant\u00eda<\/strong><br \/>\n&#8230;Si no lo estaba ya. Dad la vuelta al disco y quitad con cuidado (las necesitaremos cuando lo ensamblemos de nuevo) las 4 patas de goma. Debajo hay sendos tornillos con cabeza Torx (T8) y un quinto m\u00e1s, debajo de la pegatina de &#8220;Si me quitas, ya no hay garant\u00eda&#8221;, este con cabeza Phillips.<\/p>\n<figure style=\"width: 500px\" class=\"wp-caption aligncenter\"><img loading=\"lazy\" decoding=\"async\" alt=\"Quitando la torniller\u00eda...\" src=\"\/images\/hardware\/freecom250\/freecom250_2med.jpg\" title=\"HDD Freecom 250GB\" width=\"500\" height=\"375\" \/> <img loading=\"lazy\" decoding=\"async\" alt=\"Invalida la garant\u00eda...\" src=\"\/images\/hardware\/freecom250\/freecom250_3med.jpg\" title=\"HDD Freecom 250GB\" width=\"500\" height=\"375\" \/><figcaption class=\"wp-caption-text\">Quitando la torniller\u00eda... Invalida la garant\u00eda...<\/figcaption><\/figure>\n<p>Una vez extraida la bandeja, dentro nos encontramos con un HD Hitachi Deskstar bastante decente (<a href=\"http:\/\/www.hitachigst.com\/hdd\/support\/t7k250\/t7k250.htm\" target=\"_blank\" rel=\"noopener\">Ficha<\/a>). Aunque en materia de escritorio no se ven tanto como otras marcas, los HDD Hitachi se utilizan mucho en port\u00e1tiles.<\/p>\n<figure style=\"width: 500px\" class=\"wp-caption aligncenter\"><img loading=\"lazy\" decoding=\"async\" alt=\"HDD Hitachi Deskstar IDE\" src=\"\/images\/hardware\/freecom250\/freecom250_4med.jpg\" title=\"HDD Hitachi Deskstar IDE\" width=\"500\" height=\"375\" \/><figcaption class=\"wp-caption-text\">HDD Hitachi Deskstar IDE<\/figcaption><\/figure>\n<p>Como he dicho al principio, el disco est\u00e1 construido de forma solida y hay protectores y absorbedores para evitar que el disco se da\u00f1e con un golpe o vibre demasido al funcionar.<br \/>\nEn la primera im\u00e1gen figura la electr\u00f3nica de la carcasa. Es sencilla y esta bien ensamblada. Fijaos en el anillo de ferrita que rodea el cable de datos IDE, para evitar interferencias y fallos.<br \/>\nDebajo est\u00e1 la bandeja con los &#8220;silenciadores&#8221; que absorben las vibraciones y golpes, una vez el HD est\u00e1 corectamente atornillado.<\/p>\n<figure style=\"width: 500px\" class=\"wp-caption aligncenter\"><img loading=\"lazy\" decoding=\"async\" alt=\"Electr\u00f3nica de la carcasa\" src=\"\/images\/hardware\/freecom250\/freecom250_5med.jpg\" title=\"HD Freecom - Electr\u00f3nica\" width=\"500\" height=\"375\" \/><img loading=\"lazy\" decoding=\"async\" alt=\"Bandeja con absorbedores\" src=\"\/images\/hardware\/freecom250\/freecom250_6med.jpg\" title=\"HD Freecom - Protecciones\" width=\"500\" height=\"375\" \/><figcaption class=\"wp-caption-text\">Bandeja interiro y electr\u00f3nica<\/figcaption><\/figure>\n<p>Una vez hemos desmontado el HD y visto como va todo, solo queda sustituir la unidad, por otra de mayor capacidad (o funcional, en caso de que hicieramos el cambio por aver\u00eda); y volver a montarlo otra vez. Se puede completar el proceso en unos 20&#8242;, tomandose las cosas con calma. Por cierto, he usado un disco Seagate Barracuda 7200.10 que aunque en teor\u00eda es un poco m\u00e1s lento que el modelo de Hitachi (ATA100 vs ATA133) da buen rendimiento y fiabilidad. Recordad volver a pegar los protectores en el disco, como se ve en la im\u00e1gen.<\/p>\n<figure style=\"width: 500px\" class=\"wp-caption aligncenter\"><img loading=\"lazy\" decoding=\"async\" alt=\"Seagate Barracuda en carcasa Freecom\" src=\"\/images\/hardware\/freecom250\/freecom250_7med.jpg\" title=\"Seagate barracuda en carcasa Freecom\" width=\"500\" height=\"375\" \/><figcaption class=\"wp-caption-text\">Seagate Barracuda, listo para usar<\/figcaption><\/figure>\n<p>Aseguraos de que todo esta bien montado y conectado. Despues probad a conectarlo al ordenador y ved que todo funciona bien. Seguramente habr\u00e1 que formatearlo, ya que es un disco nuevo. En el caso de Linux, pod\u00e9is usar <a href=\"http:\/\/gparted.sourceforge.net\/\" target=\"_blank\" rel=\"noopener\">Gparted<\/a> para crear las particiones y formatearlas.<\/p>\n","protected":false},"excerpt":{"rendered":"<p>> echo Me gustan estos discos duros Freecom. Son solidos, r\u00e1pidos y est\u00e1n bien construidos. Y tengo 2. Eso significa que puedo compartir el cable USB y el adaptador de corriente sin tener mas cables por medio. El problema es que uno de los dos que tengo es de &#8220;tan solo&#8221; 250GB. Y ya toca [&hellip;]<\/p>\n","protected":false},"author":1,"featured_media":0,"parent":2,"menu_order":0,"comment_status":"closed","ping_status":"open","template":"","meta":{"ngg_post_thumbnail":0,"footnotes":""},"class_list":["post-658","page","type-page","status-publish","hentry"],"_links":{"self":[{"href":"https:\/\/knsweb.net\/index.php?rest_route=\/wp\/v2\/pages\/658","targetHints":{"allow":["GET"]}}],"collection":[{"href":"https:\/\/knsweb.net\/index.php?rest_route=\/wp\/v2\/pages"}],"about":[{"href":"https:\/\/knsweb.net\/index.php?rest_route=\/wp\/v2\/types\/page"}],"author":[{"embeddable":true,"href":"https:\/\/knsweb.net\/index.php?rest_route=\/wp\/v2\/users\/1"}],"replies":[{"embeddable":true,"href":"https:\/\/knsweb.net\/index.php?rest_route=%2Fwp%2Fv2%2Fcomments&post=658"}],"version-history":[{"count":0,"href":"https:\/\/knsweb.net\/index.php?rest_route=\/wp\/v2\/pages\/658\/revisions"}],"up":[{"embeddable":true,"href":"https:\/\/knsweb.net\/index.php?rest_route=\/wp\/v2\/pages\/2"}],"wp:attachment":[{"href":"https:\/\/knsweb.net\/index.php?rest_route=%2Fwp%2Fv2%2Fmedia&parent=658"}],"curies":[{"name":"wp","href":"https:\/\/api.w.org\/{rel}","templated":true}]}}