{"id":563,"date":"2008-10-04T17:38:46","date_gmt":"2008-10-04T16:38:46","guid":{"rendered":"http:\/\/kusanagiweb.com\/?page_id=563"},"modified":"2021-01-29T20:38:10","modified_gmt":"2021-01-29T19:38:10","slug":"ampliar-la-ram-en-un-macmini-g4","status":"publish","type":"page","link":"https:\/\/knsweb.net\/?page_id=563","title":{"rendered":"Ampliar la Ram en un Macmini G4"},"content":{"rendered":"<p>> echo 256MB de RAM son insuficientes a todas luces. Y esa era la cantidad de memoria con la que Apple lanz\u00f3 los Macmini en 2005 (cuando por aquel entonces 512MB o 1GB, ya empezaban a ser m\u00e1s que populares). Y aunque es increible lo que un G4 y MacOS pueden hacer con tan solo 256MB &#8211; +32MB de video &#8211; se necesita m\u00e1s para un trabajo fluido y poder tener varias cosas abiertas a al vez sin problemas (Solo los navegadores se llevan un buen pellizco). 1GB, la cantidad m\u00e1xima que admite el mini, es una cantidad barata hoy en d\u00eda. As\u00ed que todo es cuesti\u00f3n de abrir el mini y sustituir el m\u00f3dulo&#8230;<\/p>\n<p><strong>Abriendo la caja de Pandora<\/strong><br \/>\nAbrir el mini no es nada facil. Viendo la <a href=\"https:\/\/knsweb.net\/?page_id=217\">experiencia para abrir el iPod<\/a>, cualquiera dir\u00eda que en Apple son al\u00e9rgicos a los tornillos. O m\u00e1s posiblemente, que no quieren que nadie que no sea su servicio t\u00e9cnico abra sus productos. Ilusos&#8230;<\/p>\n<p>Dad la vuelta al mini y ponedlo sobre una superficie suave, por ejemplo una alfombrilla de rat\u00f3n, para evitar da\u00f1ar la cara superior de pl\u00e1stico blanco.<br \/>\nAhora, necesitar\u00e9is una esp\u00e1tula. Adem\u00e1s yo he usado las herramientas para abrir el iPod, ya que permiten hacer hueco para la esp\u00e1tula, sin rayar nada. Con mucho cuidado, deber\u00e9is ir liberando, a uno y otro lado alternativamente, las pesta\u00f1as que sujetan la base a la carcasa de aluminio.<br \/>\nCuando se hayan liberado suficientes, podr\u00e9is levantar la base, desde la zona de los puertos traseros, hacia delante y todo quedara libre.<\/p>\n<figure style=\"width: 500px\" class=\"wp-caption aligncenter\"><img loading=\"lazy\" decoding=\"async\" src=\"\/images\/apple\/mac\/macram1sml.jpg\" alt=\"Macmini G4 - Primeros pasos\" title=\"Macmini G4 - Primeros pasos\" width=\"500\" height=\"375\" \/> <img loading=\"lazy\" decoding=\"async\" src=\"\/images\/apple\/mac\/macram2sml.jpg\" alt=\"Macmini G4 - Usando la esp\u00e1tula\" title=\"Macmini G4 - Primeros pasos2 \" width=\"500\" height=\"375\" \/><figcaption class=\"wp-caption-text\">Macmini G4 - Primeros pasos<\/figcaption><\/figure>\n<p>Todo est\u00e1 tan justo, que incluso cuesta sacar el m\u00f3dulo de RAM, pero sale. La verdad es que la ingenier\u00eda de la caja es increible.<\/p>\n<figure style=\"width: 500px\" class=\"wp-caption aligncenter\"><img loading=\"lazy\" decoding=\"async\" src=\"\/images\/apple\/mac\/macram3sml.jpg\" alt=\"Macmini G4 - Ingenier\u00eda interna\" title=\"Macmini G4 - Ingenier\u00eda interna\" width=\"500\" height=\"375\" \/> <img loading=\"lazy\" decoding=\"async\" src=\"\/images\/apple\/mac\/macram4sml.jpg\" alt=\"Macmini G4 - Muescas en la carcasa\" title=\"Macmini G4 - Muescas en la carcasa\" width=\"500\" height=\"375\" \/><figcaption class=\"wp-caption-text\">Macmini G4 - Dentro de la caja<\/figcaption><\/figure>\n<p>El dato curioso. En las especificaciones t\u00e9cnicas de este modelo de Macmini, en todas las fuentes consultadas, la memoria sale descrita como 256MB DDR PC2700 (333MHz), sin embargo, el m\u00f3dulo de origen de este mini es DDR PC3200 (400MHz). Es com\u00fan que m\u00f3dulos m\u00e1s r\u00e1pidos funcionen en sistemas con menor velocidad de RAM (No en el 100% de los casos, aunque deber\u00eda) pero con la tradicional leyenda de lo incompatible y especialito que es Mac para todo, especialmente la RAM, esto desmonta un mito. Probablemente en la fecha de fabricaci\u00f3n de esta unidad, los m\u00f3dulos PC3200 ya eran m\u00e1s populares y baratos, lo que reduce los costes de producci\u00f3n sin afectar a la calidad (Fijaos en los chips Nanya.).<br \/>\nDe cualquier manera, para asegurar la compatibilidad, elegimos un m\u00f3dulo DDR333 (Con chips Samsung). Aunque me preocupaba que es nuevo al ser de doble cara, pudiera dar alg\u00fan problema (la densidad de los chips suele ser la principal causa de incompatibilidades con la RAM) no ha sido as\u00ed.<\/p>\n<figure style=\"width: 500px\" class=\"wp-caption aligncenter\"><img loading=\"lazy\" decoding=\"async\" src=\"\/images\/apple\/mac\/macram5sml.jpg\" alt=\"Macmini G4 - M\u00f3dulos de memor\u00eda\" title=\"Macmini G4 - M\u00f3dulos de memor\u00eda\" width=\"500\" height=\"375\" \/> <img loading=\"lazy\" decoding=\"async\" src=\"\/images\/apple\/mac\/macram6sml.jpg\" alt=\"Macmini G4 - Trabajo hecho\" title=\"Macmini G4 - Trabajo hecho\" width=\"500\" height=\"375\" \/><figcaption class=\"wp-caption-text\">Macmini G4 - M\u00e1s RAM<\/figcaption><\/figure>\n<p>Una vez vuelto a montar todo (No sin hacer algunas pruebas) el trabajo hecho. El mini funcionando con 1GB de RAM.<\/p>\n<figure style=\"width: 500px\" class=\"wp-caption aligncenter\"><img loading=\"lazy\" decoding=\"async\" src=\"\/images\/apple\/mac\/macram7sml.jpg\" alt=\"Macmini G4 - Specs\" title=\"Macmini G4 - Specs\" width=\"500\" height=\"313\" \/><figcaption class=\"wp-caption-text\">Macmini G4 - Specs<\/figcaption><\/figure>\n","protected":false},"excerpt":{"rendered":"<p>> echo 256MB de RAM son insuficientes a todas luces. Y esa era la cantidad de memoria con la que Apple lanz\u00f3 los Macmini en 2005 (cuando por aquel entonces 512MB o 1GB, ya empezaban a ser m\u00e1s que populares). Y aunque es increible lo que un G4 y MacOS pueden hacer con tan solo [&hellip;]<\/p>\n","protected":false},"author":1,"featured_media":0,"parent":2,"menu_order":0,"comment_status":"closed","ping_status":"open","template":"","meta":{"ngg_post_thumbnail":0,"footnotes":""},"class_list":["post-563","page","type-page","status-publish","hentry"],"_links":{"self":[{"href":"https:\/\/knsweb.net\/index.php?rest_route=\/wp\/v2\/pages\/563","targetHints":{"allow":["GET"]}}],"collection":[{"href":"https:\/\/knsweb.net\/index.php?rest_route=\/wp\/v2\/pages"}],"about":[{"href":"https:\/\/knsweb.net\/index.php?rest_route=\/wp\/v2\/types\/page"}],"author":[{"embeddable":true,"href":"https:\/\/knsweb.net\/index.php?rest_route=\/wp\/v2\/users\/1"}],"replies":[{"embeddable":true,"href":"https:\/\/knsweb.net\/index.php?rest_route=%2Fwp%2Fv2%2Fcomments&post=563"}],"version-history":[{"count":0,"href":"https:\/\/knsweb.net\/index.php?rest_route=\/wp\/v2\/pages\/563\/revisions"}],"up":[{"embeddable":true,"href":"https:\/\/knsweb.net\/index.php?rest_route=\/wp\/v2\/pages\/2"}],"wp:attachment":[{"href":"https:\/\/knsweb.net\/index.php?rest_route=%2Fwp%2Fv2%2Fmedia&parent=563"}],"curies":[{"name":"wp","href":"https:\/\/api.w.org\/{rel}","templated":true}]}}