{"id":3672,"date":"2024-12-01T12:00:12","date_gmt":"2024-12-01T11:00:12","guid":{"rendered":"https:\/\/knsweb.net\/?page_id=3672"},"modified":"2025-01-20T14:22:35","modified_gmt":"2025-01-20T13:22:35","slug":"kns-aero-party-5-fly-baby-2025","status":"publish","type":"page","link":"https:\/\/knsweb.net\/?page_id=3672","title":{"rendered":"KNS Aero-Party 5: Fly, baby! (2025)"},"content":{"rendered":"<style>\n.imgcenter {\n    margin: 10px auto 20px;\n    display: block;\n}\n.pcent {\n     text-align:center;\n}\n<\/style>\n<p><img decoding=\"async\" class=\"imgcenter\" src=\"https:\/\/knsweb.net\/wp-content\/gallery\/kns-aero-party-5\/ParcheAeroparty5_600x600.png\" alt=\"Parche KNS Aero-Party 5\" \/><\/p>\n<div>\n<p>Para el parche del 5\u00ba aniversario tenemos inspiraci\u00f3n <em>retrowave<\/em> estilo a\u00f1os &#8217;80 con dos <strong>Grumman F-14 <em>Tomcat<\/em><\/strong> alejandose en la puesta de sol mientras sobrevuelan alguna playa olvidada del Pac\u00edfico, quiz\u00e1s durante una salida <em>CAP<\/em>.<\/p>\n<\/div>\n<p><\/p>\n<h2 style=\"text-align:center\">Poster<\/h2>\n<p><img decoding=\"async\" class=\"imgcenter\" src=\"https:\/\/knsweb.net\/wp-content\/gallery\/kns-aero-party-5\/Poster78_01_WEB.jpg\" alt=\"Poster 78 01 KNS Aero-Party 5\" \/><\/p>\n<div>\n<p>Visitando el Ala 78 en Armilla (Granada) me encontr\u00e9 con esta numeraci\u00f3n en la cola de un Sikorsky S-76C. Dos cosas fueron evidentes: Que iba hacer la foto; que en alg\u00fan momento ser\u00eda uno de los posters para la Aero-Party. Y ahora decora mi sal\u00f3n \ud83d\ude42<\/p>\n<\/div>\n<p><\/p>\n<h2 style=\"text-align:center\"> Galer\u00eda<\/h2>\n<div class=\"pcent\">\nngg_shortcode_0_placeholder<\/p>\n<p>Como ya es habitual, intento que cada Aero-Party tenga su propio merchan y decoraciones. A lo que siempre se va sumando lo realizado en a\u00f1os anteriores, por lo que va creciendo y mejorando. Como dicen mis amigos (s\u00ed, existen) ya s\u00f3lo me falta meter un trozo de avi\u00f3n en el sal\u00f3n. El caso es que trozos peque\u00f1os s\u00ed que hay por aqu\u00ed y por all\u00e1 XD<\/p>\n<\/div>\n<p><\/p>\n<h2 style=\"text-align:center\"> Landing Signal Officer (LSO)<\/h2>\n<div class=\"pcent\">\nngg_shortcode_1_placeholder<\/p>\n<p>Para este a\u00f1o y venideros decid\u00ed crear un kit nuevo m\u00e1s all\u00e1 del habitual mono de vuelo. Se trata de un Landing Signal Officer (LSO) del VFA-103 Jolly Rogers. Los LSOs se encargan de recibir y guiar los aparatos en aproximaci\u00f3n. Son los encargados de que las operaciones de aterrizaje sean llevadas a t\u00e9rmino con seguridad y se aseguran de que la cubierta est\u00e9 libre y el sistema de parada listo. Si no es as\u00ed, siempre pueden usar su mando para activar unas luces de emergencia que indican al piloto que aborte el aterrizaje (<em>Wave Off<\/em>). En mi caso yo s\u00f3lo quer\u00eda gritar a los invitados &#8220;<em>Foul Deck!<\/em>&#8221; cada vez que fuesen al ba\u00f1o XD XD <\/p>\n<\/div>\n<p><\/p>\n<h2 style=\"text-align:center\">Referencias<\/h2>\n<ul>\n<li><a href=\"https:\/\/en.wikipedia.org\/wiki\/Landing_signal_officer\" rel=\"noopener\" target=\"_blank\">Landing Signal Officers<\/a><\/li>\n<li>USNAVY <a href=\"https:\/\/en.wikipedia.org\/wiki\/VFA-103\" rel=\"noopener\" target=\"_blank\">VFA-103 <em>Jolly Rogers<\/em><\/a><\/li>\n<li><a href=\"https:\/\/en.wikipedia.org\/wiki\/Grumman_F-14_Tomcat\" rel=\"noopener\" target=\"_blank\">Grumman F-14 <em>Tomcat<\/em><\/a><\/li>\n<li><a href=\"https:\/\/es.wikipedia.org\/wiki\/Base_A%C3%A9rea_de_Armilla\" rel=\"noopener\" target=\"_blank\"> Armilla AFB<\/a><\/li>\n<\/ul>\n<p><\/p>\n<div class=\"pcent\">\n<p>\n.<br \/>\n.<br \/>\n.<br \/>\n.<br \/>\n.<br \/>\n.<br \/>\n.<br \/>\n.<br \/>\n.<br \/>\n.\n<\/p>\n<p><img decoding=\"async\" class=\"imgcenter\" src=\"https:\/\/knsweb.net\/wp-content\/gallery\/kns-aero-party-5\/DonkixAeroParty.jpg\" alt=\"Donki X Aero-Party\" \/><\/div>\n","protected":false},"excerpt":{"rendered":"<p>Para el parche del 5\u00ba aniversario tenemos inspiraci\u00f3n retrowave estilo a\u00f1os &#8217;80 con dos Grumman F-14 Tomcat alejandose en la puesta de sol mientras sobrevuelan alguna playa olvidada del Pac\u00edfico, quiz\u00e1s durante una salida CAP. Poster Visitando el Ala 78 en Armilla (Granada) me encontr\u00e9 con esta numeraci\u00f3n en la cola de un Sikorsky S-76C. [&hellip;]<\/p>\n","protected":false},"author":1,"featured_media":0,"parent":3569,"menu_order":0,"comment_status":"closed","ping_status":"closed","template":"","meta":{"ngg_post_thumbnail":0,"footnotes":""},"class_list":["post-3672","page","type-page","status-publish","hentry"],"_links":{"self":[{"href":"https:\/\/knsweb.net\/index.php?rest_route=\/wp\/v2\/pages\/3672","targetHints":{"allow":["GET"]}}],"collection":[{"href":"https:\/\/knsweb.net\/index.php?rest_route=\/wp\/v2\/pages"}],"about":[{"href":"https:\/\/knsweb.net\/index.php?rest_route=\/wp\/v2\/types\/page"}],"author":[{"embeddable":true,"href":"https:\/\/knsweb.net\/index.php?rest_route=\/wp\/v2\/users\/1"}],"replies":[{"embeddable":true,"href":"https:\/\/knsweb.net\/index.php?rest_route=%2Fwp%2Fv2%2Fcomments&post=3672"}],"version-history":[{"count":0,"href":"https:\/\/knsweb.net\/index.php?rest_route=\/wp\/v2\/pages\/3672\/revisions"}],"up":[{"embeddable":true,"href":"https:\/\/knsweb.net\/index.php?rest_route=\/wp\/v2\/pages\/3569"}],"wp:attachment":[{"href":"https:\/\/knsweb.net\/index.php?rest_route=%2Fwp%2Fv2%2Fmedia&parent=3672"}],"curies":[{"name":"wp","href":"https:\/\/api.w.org\/{rel}","templated":true}]}} 