{"id":3664,"date":"2024-01-28T00:12:54","date_gmt":"2024-01-27T23:12:54","guid":{"rendered":"https:\/\/knsweb.net\/?page_id=3664"},"modified":"2024-11-27T19:32:23","modified_gmt":"2024-11-27T18:32:23","slug":"aeroparty1","status":"publish","type":"page","link":"https:\/\/knsweb.net\/?page_id=3664","title":{"rendered":"KNS Aero-Party 1 (2021)"},"content":{"rendered":"<style>\n.imgcenter {\n    margin: 10px auto 20px;\n    display: block;\n}\n.pcent {\n     text-align:center;\n}\n<\/style>\n<p><img decoding=\"async\" class=\"imgcenter\" src=\"https:\/\/knsweb.net\/wp-content\/gallery\/legacyaeroparty\/600x600.png\" alt=\"Parche KNS Aero-Party 1\" \/><\/p>\n<h2 style=\"text-align:center\">Referencias<\/h2>\n<div>\n<p>2021 es el a\u00f1o que se inici\u00f3 todo, no lo de los aviones, claro, eso viene de lejos, pero s\u00ed la primera Aero-Party (con todav\u00eda el Covid&#8217;19 encima) y la licencia de vuelo. De ah\u00ed el &#8220;1&#8221;. Un parche que se ha quedado casi como emblema personal (y lo es en el apartado aeron\u00e1utico).<\/p>\n<\/div>\n","protected":false},"excerpt":{"rendered":"<p>Referencias 2021 es el a\u00f1o que se inici\u00f3 todo, no lo de los aviones, claro, eso viene de lejos, pero s\u00ed la primera Aero-Party (con todav\u00eda el Covid&#8217;19 encima) y la licencia de vuelo. De ah\u00ed el &#8220;1&#8221;. Un parche que se ha quedado casi como emblema personal (y lo es en el apartado aeron\u00e1utico).<\/p>\n","protected":false},"author":1,"featured_media":0,"parent":3569,"menu_order":0,"comment_status":"closed","ping_status":"closed","template":"","meta":{"ngg_post_thumbnail":0,"footnotes":""},"class_list":["post-3664","page","type-page","status-publish","hentry"],"_links":{"self":[{"href":"https:\/\/knsweb.net\/index.php?rest_route=\/wp\/v2\/pages\/3664","targetHints":{"allow":["GET"]}}],"collection":[{"href":"https:\/\/knsweb.net\/index.php?rest_route=\/wp\/v2\/pages"}],"about":[{"href":"https:\/\/knsweb.net\/index.php?rest_route=\/wp\/v2\/types\/page"}],"author":[{"embeddable":true,"href":"https:\/\/knsweb.net\/index.php?rest_route=\/wp\/v2\/users\/1"}],"replies":[{"embeddable":true,"href":"https:\/\/knsweb.net\/index.php?rest_route=%2Fwp%2Fv2%2Fcomments&post=3664"}],"version-history":[{"count":0,"href":"https:\/\/knsweb.net\/index.php?rest_route=\/wp\/v2\/pages\/3664\/revisions"}],"up":[{"embeddable":true,"href":"https:\/\/knsweb.net\/index.php?rest_route=\/wp\/v2\/pages\/3569"}],"wp:attachment":[{"href":"https:\/\/knsweb.net\/index.php?rest_route=%2Fwp%2Fv2%2Fmedia&parent=3664"}],"curies":[{"name":"wp","href":"https:\/\/api.w.org\/{rel}","templated":true}]}}