{"id":2,"date":"2006-07-31T14:39:23","date_gmt":"2006-07-31T19:39:23","guid":{"rendered":""},"modified":"2021-01-29T21:17:55","modified_gmt":"2021-01-29T20:17:55","slug":"about","status":"publish","type":"page","link":"https:\/\/knsweb.net\/?page_id=2","title":{"rendered":"\/modding"},"content":{"rendered":"<p>El <em>leitmotiv<\/em> de esta web ha sido siempre el modding.<br \/>\nEl modding, no es m\u00e1s que la preparaci\u00f3n o <em>tuneo<\/em> de la caja de un ordenador. Est\u00e1 intimamente relacionado con el <em>Overclocking<\/em>, aunque no siempre van de la mano. Pero juntando ambas t\u00e9cnicas, se logran m\u00e1quinas espect\u00e1culares, tanto en apariencia como en redimiento. Aunque ya no me dedico tanto a eso, salvo alguna cosilla menor de vez en cuando, aqu\u00ed quedan las gu\u00edas para el que quiera pillar ideas o ver c\u00f3mo se hac\u00edan las cosas antes de que cualquier tienda te vendiese cajas ya preparadas.<\/p>\n<p>El contenido sobre modding en la web, se divide en dos partes fundamentales: Mod guides (guias sencillas) y Full Mods (Proyectos completos). Todo esto est\u00e1 publicado siguiendo su orden de realizaci\u00f3n y finalizaci\u00f3n. <\/p>\n<hr \/>\n<ul type=\"square\">\n<li><strong>Full Mods:<\/strong><\/li>\n<ol>\n<li><a href=\"?page_id=1365\" target=\"_self\" rel=\"noopener\">Kumo-Mod V3<\/a> (10-10-2k3) &#8211; Vendido (En revisi\u00f3n)<\/li>\n<li><a href=\"\/images\/mods\/minit.htm\" target=\"_self\" rel=\"noopener\">Silent Beauty<\/a> (07-10-2k3) &#8211; Vendido<\/li>\n<li><a href=\"\/images\/mods\/IredMod.htm\" target=\"_self\" rel=\"noopener\">Ired-Mod<\/a> (27-12-2k3)<\/li>\n<li><a href=\"\/images\/mods\/BeaMod.htm\" target=\"_self\" rel=\"noopener\">Bea-Mod<\/a> (27-12-2k3)<\/li>\n<li><a href=\"\/images\/mods\/VihorusMod.htm\" target=\"_self\" rel=\"noopener\">ViHorus-Mod<\/a> (29-12-2k3)<\/li>\n<li><a href=\"\/images\/mods\/cuboikea.htm\" target=\"_self\" rel=\"noopener\">Ikea\u00b4s Cube<\/a>  (24-01-2k4)<\/li>\n<li><a href=\"\/images\/mods\/downloadpc.htm\" target=\"_self\" rel=\"noopener\">DownLoadPC<\/a> (27-01-2k4) &#8211; Vendido<\/li>\n<li><a href=\"\/images\/mods\/102s.htm\" target=\"_self\" rel=\"noopener\">102s<\/a> (07-03-2k4)<\/li>\n<li><a href=\"\/images\/mods\/Tora.htm\" target=\"_self\" rel=\"noopener\">Tora! Tora! Tora!<\/a> (24-03-2k4) &#8211; Vendido<\/li>\n<li><a href=\"\/images\/mods\/knsj1.htm\" target=\"_self\" rel=\"noopener\">KumoNoSuJou V2.1<\/a> (11-07-2k4) &#8211; Vendido<\/li>\n<li><a href=\"\/images\/mods\/lmi1.htm\" target=\"_self\" rel=\"noopener\">Lan Machine Interface<\/a> (21-12-2k4) &#8211; Vendido<\/li>\n<li><a href=\"\/images\/mods\/onix1.htm\" target=\"_self\" rel=\"noopener\">Onyx : MOD<\/a> (01-06-2k5)<\/li>\n<li><a href=\"\/images\/mods\/chii1.htm\" target=\"_self\" rel=\"noopener\">Chii-EDPC<\/a> (20-08-2k5)<\/li>\n<li><a href=\"\/images\/mods\/sxpc1.htm\" target=\"_self\" rel=\"noopener\">Darkwater Spaceship<\/a> (15-09-2k5) &#8211; Vendido<\/li>\n<li><a href=\"\/images\/mods\/intranquility1.htm\" target=\"_self\" rel=\"noopener\">Intranquility<\/a> (01-04-2k6) &#8211; Vendido<\/li>\n<\/ol>\n<li><strong>Modding Guides:<\/strong><\/li>\n<ol>\n<li><a href=\"\/images\/mods\/bayfrontal.htm\" target=\"_self\" rel=\"noopener\">Bay-Bus c\/ventiladores frontales<\/a> (01-10-2k2)<\/li>\n<li><a href=\"\/images\/mods\/bequiet.htm\" target=\"_self\" rel=\"noopener\">Laminas anti-ruido<\/a> (15-12-2k2)<\/li>\n<li><a href=\"\/?page_id=1415\" target=\"_self\" rel=\"noopener\">Adaptador de disipador con luz<\/a> (15-01-2k3) (En Revisi\u00f3n)<\/li>\n<li><a href=\"\/images\/mods\/reobus.htm\" target=\"_self\" rel=\"noopener\">Dual REO-BUS<\/a> (20-01-2k3)<\/li>\n<li><a href=\"\/images\/mods\/Altavoces.htm\" target=\"_self\" rel=\"noopener\">Pintar los altavoces<\/a> (09-09-2k3)<\/li>\n<li><a href=\"\/images\/mods\/lmousepad.htm\" target=\"_self\" rel=\"noopener\">MousePad Luminoso<\/a> (09-09-2k3)<\/li>\n<li><a href=\"\/images\/mods\/sbcooler.htm\" target=\"_self\" rel=\"noopener\">Refrigerar el SouthBridge de la placa base<\/a> (09-09-2k3)<\/li>\n<li><a href=\"\/images\/mods\/pinturarejillas.htm\" target=\"_self\" rel=\"noopener\">Pintar las rejillas de los ventiladores<\/a> (09-09-2k3)<\/li>\n<li><a href=\"\/images\/mods\/controlhilo.htm\">Controlador H.I.L.O. (12V\/5V c\/display)<\/a> (11-09-2k3)<\/li>\n<li><a href=\"\/images\/mods\/Geforce.htm\" target=\"_self\" rel=\"noopener\">Refrigerar una GeForce 4<\/a> (27-12-2k3)<\/li>\n<li><a href=\"\/images\/mods\/rayarplexi.htm\" target=\"_self\" rel=\"noopener\">Dibujar en metacrilato<\/a> (06-01-2k4)<\/li>\n<li><a href=\"\/images\/mods\/ayucasa.htm\" target=\"_self\" rel=\"noopener\">Casa para gatos &#8220;Inform\u00e1tica&#8221;<\/a> (23-01-2k4)<\/li>\n<li><a href=\"\/images\/mods\/alargador.htm\">DIY: Cables para el PC<\/a> (02-02-2k4)<\/li>\n<li><a href=\"\/images\/mods\/baybus2.htm\" target=\"_self\" rel=\"noopener\">BayBus Dual con Luz<\/a> (12-02-2k4)<\/li>\n<li><a href=\"\/images\/mods\/Lrez.htm\" target=\"_self\" rel=\"noopener\">Dep\u00f3sito de RL con Luz<\/a> (18-05-2k4)<\/li>\n<li><a href=\"\/images\/mods\/fx5200.htm\" target=\"_self\" rel=\"noopener\">Refrigerar una FX5200<\/a> (20-05-2k4)<\/li>\n<li><a href=\"\/images\/mods\/nbhs.htm\" target=\"_self\" rel=\"noopener\">Refrigerar el NorthBridge<\/a> (22-05-2k4)<\/li>\n<li><a href=\"\/images\/mods\/bloque.htm\" target=\"_self\" rel=\"noopener\">Mejorar y limpiar un WaterBlock<\/a> (22-05-2k4)<\/li>\n<li><a href=\"\/images\/mods\/mice.htm\" target=\"_self\" rel=\"noopener\">Mouse Mod<\/a> (23-05-2k4)<\/li>\n<li><a href=\"\/images\/mods\/psu.htm\" target=\"_self\" rel=\"noopener\">Mods para la PSU<\/a> (25-05-2k4)<\/li>\n<li><a href=\"\/images\/mods\/knsjmouse.htm\" target=\"_self\" rel=\"noopener\">Mouse Mod: KNSJ  Mouse<\/a> (13-07-2k4)<\/li>\n<li><a href=\"\/images\/mods\/LKB.htm\" target=\"_self\" rel=\"noopener\">Keyboard Mod: Luz<\/a> (02-09-2k4)<\/li>\n<li><a href=\"\/images\/mods\/taponluzbomba.htm\" target=\"_self\" rel=\"noopener\">Kit de luz para RL<\/a> (04-11-2k4)<\/li>\n<li><a href=\"\/images\/mods\/fillport.htm\" target=\"_self\" rel=\"noopener\">Fillport para RL<\/a> (09-11-2k4)<\/li>\n<li><a href=\"?page_id=2032\" target=\"_self\" rel=\"noopener\">Recuperar un HDD con la controladora da\u00f1ada<\/a> (13-08-2k6)<\/li>\n<li><a href=\"?page_id=563\" target=\"_self\" rel=\"noopener\">Macmini G4 RAM Upgrade<\/a> (04-09-2K8)<\/li>\n<li><a href=\"?page_id=658\" target=\"_self\" rel=\"noopener\">Freecom 250 a 500GB Upgrade<\/a> (28-10-2K8)<\/li>\n<li><a href=\"?page_id=998\" target=\"_self\" rel=\"noopener\">Pimp your EeePC &#8211; Cover<\/a> (10-01-2K9)<\/li>\n<li><a href=\"?page_id=1524\" target=\"_self\" rel=\"noopener\">Soporte para PCs &#8220;Ikea&#8221;<\/a> (10-09-2K9)<\/li>\n<\/ol>\n<\/ul>\n<h5>Happy Modding! ^_^<\/h5>\n<hr \/>\n<p><strong>AVISO:<\/strong><u><strong>Tan solo vosotros<\/strong><\/u>, ser\u00e9is responsables de las modificaciones que realic\u00e9is en vuestros ordenadores. Sed cuidadosos, tomad precauciones y llevad equipos de protecci\u00f3n cuando trabaj\u00e9is con herramientas. <\/p>\n<hr \/>\n","protected":false},"excerpt":{"rendered":"<p>El leitmotiv de esta web ha sido siempre el modding. El modding, no es m\u00e1s que la preparaci\u00f3n o tuneo de la caja de un ordenador. Est\u00e1 intimamente relacionado con el Overclocking, aunque no siempre van de la mano. Pero juntando ambas t\u00e9cnicas, se logran m\u00e1quinas espect\u00e1culares, tanto en apariencia como en redimiento. Aunque ya [&hellip;]<\/p>\n","protected":false},"author":1,"featured_media":0,"parent":0,"menu_order":1,"comment_status":"closed","ping_status":"closed","template":"","meta":{"ngg_post_thumbnail":0,"footnotes":""},"class_list":["post-2","page","type-page","status-publish","hentry"],"_links":{"self":[{"href":"https:\/\/knsweb.net\/index.php?rest_route=\/wp\/v2\/pages\/2","targetHints":{"allow":["GET"]}}],"collection":[{"href":"https:\/\/knsweb.net\/index.php?rest_route=\/wp\/v2\/pages"}],"about":[{"href":"https:\/\/knsweb.net\/index.php?rest_route=\/wp\/v2\/types\/page"}],"author":[{"embeddable":true,"href":"https:\/\/knsweb.net\/index.php?rest_route=\/wp\/v2\/users\/1"}],"replies":[{"embeddable":true,"href":"https:\/\/knsweb.net\/index.php?rest_route=%2Fwp%2Fv2%2Fcomments&post=2"}],"version-history":[{"count":0,"href":"https:\/\/knsweb.net\/index.php?rest_route=\/wp\/v2\/pages\/2\/revisions"}],"wp:attachment":[{"href":"https:\/\/knsweb.net\/index.php?rest_route=%2Fwp%2Fv2%2Fmedia&parent=2"}],"curies":[{"name":"wp","href":"https:\/\/api.w.org\/{rel}","templated":true}]}}