{"id":1881,"date":"2010-02-17T05:54:13","date_gmt":"2010-02-17T04:54:13","guid":{"rendered":"http:\/\/knsweb.net\/?page_id=1881"},"modified":"2021-01-29T21:10:07","modified_gmt":"2021-01-29T20:10:07","slug":"el-castillo-bastion-imperial","status":"publish","type":"page","link":"https:\/\/knsweb.net\/?page_id=1881","title":{"rendered":"El Castillo, basti\u00f3n imperial"},"content":{"rendered":"<p>Los bastiones son de las construcciones de escenograf\u00eda m\u00e1s sencillas (y no demasiado grande) que tiene GW. Quiz\u00e1s por eso sean tambi\u00e9n bastante modulares, aun respetando el esp\u00edritu de la construcci\u00f3n. En la Red pueden encontrarse imagenes de m\u00faltiples variaciones: 3 plantas, dobles, solo la plataforma, etc. Una de ellas (<a href=\"http:\/\/www.games-workshop.com\/gws\/content\/article.jsp?categoryId=&#038;pIndex=4&#038;aId=3800025a&#038;start=5\" target=\"_blank\" rel=\"no follow noopener\">esta<\/a>) me ha inspirado para realizar mi propia versi\u00f3n modificada.<\/p>\n<p>La base del edificio es muy similar a lo que pod\u00e9is ver en el link de m\u00e1s arriba, pero con mi estilo.<\/p>\n<figure style=\"width: 500px\" class=\"wp-caption aligncenter\"><img loading=\"lazy\" decoding=\"async\" alt=\"Imperial Bastion - WIP\" src=\"\/images\/minis\/scenery\/elcastillo\/castillo1med.jpg\" title=\"Imperial Bastion - WIP\" width=\"500\" height=\"667\" \/><figcaption class=\"wp-caption-text\">Probablemente se llame \u304f\u3082\u306e\u3059\u3058\u3087\u3046 \/ \u8718\u86db\u5de3\u57ce (KumoNoSu-Jou) como no podr\u00eda ser de otra forma \ud83d\ude42<\/figcaption><\/figure>\n<p><\/p>\n<figure style=\"width: 500px\" class=\"wp-caption aligncenter\"><img loading=\"lazy\" decoding=\"async\" alt=\"Imperial Bastion - WIP\" src=\"\/images\/minis\/scenery\/elcastillo\/castillo6med.jpg\" title=\"Imperial Bastion - WIP\" width=\"500\" height=\"667\" \/><figcaption class=\"wp-caption-text\">Creciendo en altura. Una versi\u00f3n un poco m\u00e1s desarrollada donde se aprecia mejor como quedar\u00e1 al final<\/figcaption><\/figure>\n<p>Vamos con los detalles&#8230;<\/p>\n<p><strong>Muros sin ventanas<\/strong><br \/>\nAlgunos muros del per\u00edmetro e interiores no van a llevar las ventanas para los bolters autom\u00e1ticos. Ocupan mucho (visual y f\u00edsicamente) y no tienen demasiado sentido en algunos lugares.  En algunos casos tambien tengo que quitar las peque\u00f1as ventanas que hay en los laterales. En este caso, para dejar hueco a una puerta de salida a la &#8220;terraza&#8221;.<\/p>\n<figure style=\"width: 500px\" class=\"wp-caption aligncenter\"><img loading=\"lazy\" decoding=\"async\" alt=\"Imperial Bastion - WIP - Muros\" src=\"\/images\/minis\/scenery\/elcastillo\/castillo2med.jpg\" title=\"Imperial Bastion - WIP - walls\" width=\"500\" height=\"375\" \/><figcaption class=\"wp-caption-text\">Un sierra, una lima y un cutter tienen la culpa. Las piezas cortadas pueden guardarse para nuevos proyectos.<\/figcaption><\/figure>\n<p>Fijaos en el recuadro. Hice una muesca para conseguir que la esquina del muro y la proteci\u00f3n de la &#8220;terraza&#8221; encajen perfectamente.<\/p>\n<p>Para tapar esos enormes agujeros he usado plasticard y algunas piezas sobrantes. Estoy contento con el aspecto de los muros laterales con el triple refuerzo.<\/p>\n<p><figure style=\"width: 500px\" class=\"wp-caption aligncenter\"><img loading=\"lazy\" decoding=\"async\" alt=\"Imperial Bastion - WIP - Muros\" src=\"\/images\/minis\/scenery\/elcastillo\/castillo9med.jpg\" title=\"Imperial Bastion - WIP - walls\" width=\"500\" height=\"375\" \/><figcaption class=\"wp-caption-text\">Refuerzos laterales triples. Los agujeros est\u00e1n cubiertos con plasticard<\/figcaption><\/figure><br \/>\n<br \/>\n<figure style=\"width: 500px\" class=\"wp-caption aligncenter\"><img loading=\"lazy\" decoding=\"async\" alt=\"Imperial Bastion - WIP - Muros\" src=\"\/images\/minis\/scenery\/elcastillo\/castillo16med.jpg\" title=\"Imperial Bastion - WIP - walls\" width=\"500\" height=\"375\" \/><figcaption class=\"wp-caption-text\">Refuerzos laterales triples. Remates del contrafuerte en plasticard<\/figcaption><\/figure><\/p>\n<p>Para unir visualmente la planta inferior, con la intermedia, he creado unos remates para cada saliente, usando de plantilla las rejillas que originalmente van en eso huecos. El aspecto es de verdadera fortaleza pseudo-g\u00f3tica (un poco rom\u00e1nica tambi\u00e9n XD )<\/p>\n<p><strong>Puertas<\/strong><br \/>\nLa puerta de acceso a la terraza delantera est\u00e1 hecha con una puerta de basti\u00f3n normal y plasticard alrededor para encajarla en el hueco y construir una entrada. Luego solo he a\u00f1adido un par de detalles de la caja de restos. En los lados he usado m\u00e1s plasticard y restos para cubrir los grandes agujeros de las paredes.<\/p>\n<figure style=\"width: 500px\" class=\"wp-caption aligncenter\"><img loading=\"lazy\" decoding=\"async\" alt=\"Imperial Bastion - WIP - Puerta terraza\" src=\"\/images\/minis\/scenery\/elcastillo\/castillo4med.jpg\" title=\"Imperial Bastion - WIP - balcony door\" width=\"500\" height=\"375\" \/><figcaption class=\"wp-caption-text\">Una vez pintada la puerta y el marco quedar\u00e1n como si siempre hubiera estado all\u00ed.<\/figcaption><\/figure>\n<p><\/p>\n<figure style=\"width: 500px\" class=\"wp-caption aligncenter\"><img loading=\"lazy\" decoding=\"async\" alt=\"Imperial Bastion - WIP - Puerta terraza\" src=\"\/images\/minis\/scenery\/elcastillo\/castillo10med.jpg\" title=\"Imperial Bastion - WIP - balcony door\" width=\"500\" height=\"375\" \/><figcaption class=\"wp-caption-text\">Unas piezas de la Fotaleza de Redempci\u00f3n sobre plasticard crean una fachada amenazadora alrededor de la puerta<\/figcaption><\/figure>\n<p>La puerta principal, al igual que la de la plataforma de aterrizaje, est\u00e1 sacada de la matriz de Muerte en las Calles (aunque est\u00e1 es de segunda mano) y de nuevo, con la parte menos decorada hacia el exterior, que le da una sensaci\u00f3n mas austera y robusta. Adem\u00e1s he tenido que cortarla un poco para que encaje. Como en el caso de la terraza, he construido un &#8220;portal&#8221; de plasticard alrededor, para integrarla en la estructura.<\/p>\n<p><figure style=\"width: 500px\" class=\"wp-caption aligncenter\"><img loading=\"lazy\" decoding=\"async\" alt=\"Imperial Bastion - WIP - Puerta principal\" src=\"\/images\/minis\/scenery\/elcastillo\/castillo7med.jpg\" title=\"Imperial Bastion - WIP - main door\" width=\"500\" height=\"375\" \/><figcaption class=\"wp-caption-text\">Un bunker grande necesita una puerta grande. Todav\u00eda tengo que construir unas piezas para que ecaje mejor entre los muros<\/figcaption><\/figure><br \/>\n<br \/>\n<figure style=\"width: 500px\" class=\"wp-caption aligncenter\"><img loading=\"lazy\" decoding=\"async\" alt=\"Imperial Bastion - WIP - Puerta principal\" src=\"\/images\/minis\/scenery\/elcastillo\/castillo17med.jpg\" title=\"Imperial Bastion - WIP - main door\" width=\"500\" height=\"375\" \/><figcaption class=\"wp-caption-text\">Puerta principal y portal. Mejor integrada y de aspecto m\u00e1s robusto<\/figcaption><\/figure><\/p>\n<p>La puerta trasera es una puerta normal del kit del basti\u00f3n, pero he cortado el pl\u00e1stico en la pared donde va pegada, para empotrala y que no pareza una pieza que simplemente ha sido pegada. Un tubo de metal ayuda a tapar los huecos donde las diferentes piezas de pl\u00e1stico se unen y aporta m\u00e1s detalles. Luego he seguido a\u00f1adiendo detalles para que no quede tan simple. Colocando un &#8220;\u00e1rea t\u00e9cnica&#8221; a la derecha para dar m\u00e1s impresi\u00f3n de tecnolog\u00eda y detalle.<\/p>\n<figure style=\"width: 500px\" class=\"wp-caption aligncenter\"><img loading=\"lazy\" decoding=\"async\" alt=\"Imperial Bastion - WIP - Puerta trasera\" src=\"\/images\/minis\/scenery\/elcastillo\/castillo8med.jpg\" title=\"Imperial Bastion - WIP - back door\" width=\"500\" height=\"375\" \/><figcaption class=\"wp-caption-text\">La puerta trasera est\u00e1 empotrada en la pared<\/figcaption><\/figure>\n<p><\/p>\n<figure style=\"width: 500px\" class=\"wp-caption aligncenter\"><img loading=\"lazy\" decoding=\"async\" alt=\"Imperial Bastion - WIP - Puerta trasera\" src=\"\/images\/minis\/scenery\/elcastillo\/castillo11med.jpg\" title=\"Imperial Bastion - WIP - back door\" width=\"500\" height=\"375\" \/><figcaption class=\"wp-caption-text\">Detalles alrededor de la puerta trasera y el \u00e1rea t\u00e9cnica<\/figcaption><\/figure>\n<p><\/p>\n<figure style=\"width: 500px\" class=\"wp-caption aligncenter\"><img loading=\"lazy\" decoding=\"async\" alt=\"Imperial Bastion - WIP - Puerta trasera\" src=\"\/images\/minis\/scenery\/elcastillo\/castillo18med.jpg\" title=\"Imperial Bastion - WIP - back door\" width=\"500\" height=\"375\" \/><figcaption class=\"wp-caption-text\">El acceso posterior, m\u00e1s detallado y con los salientes coronados<\/figcaption><\/figure>\n<p>La misma idea se puede usar, con las ventanas laterales sin cortar, para una estructura diferente, m\u00e1s baja quiz\u00e1s.<\/p>\n<p><strong>La torre<\/strong><br \/>\nPara rematar la torre del castillo, pero no de la manera t\u00edpica de un basti\u00f3n, la idea es combinar varias piezas del propio basti\u00f3n y un poco de pl\u00e1sticard. Creando una especie de tejado semicerrado que ofrece mayor protecci\u00f3n que la terraza abierta y da un mayor aire de fortaleza.<\/p>\n<figure style=\"width: 500px\" class=\"wp-caption aligncenter\"><img loading=\"lazy\" decoding=\"async\" alt=\"Imperial Bastion - WIP - Azotea\" src=\"\/images\/minis\/scenery\/elcastillo\/castillo3med.jpg\" title=\"Imperial Bastion - WIP - rooftop\" width=\"500\" height=\"375\" \/><figcaption class=\"wp-caption-text\">Concepto inicial usando esquinas y parapetos del basti\u00f3n para crear un tejado diferente<\/figcaption><\/figure>\n<p>Otra opci\u00f3n es no cerrar tanto la torre, para tener la opci\u00f3n de poner un ca\u00f1on laser icaro. Simplemente se podr\u00eda construir un peque\u00f1o parapeto que bordee las areas expuestas.<\/p>\n<figure style=\"width: 500px\" class=\"wp-caption aligncenter\"><img loading=\"lazy\" decoding=\"async\" alt=\"Imperial Bastion - WIP - Azotea\" src=\"\/images\/minis\/scenery\/elcastillo\/castillo5med.jpg\" title=\"Imperial Bastion - WIP - rooftop\" width=\"500\" height=\"375\" \/><figcaption class=\"wp-caption-text\">No cerrando tanto la torre, quedan aberturas de disparo que posibilitan la inclusi\u00f3n de un ca\u00f1on laser icaro.<\/figcaption><\/figure>\n<p>Sin embargo, mi opci\u00f3n final es semicerrar la torre, dejando en su interior la antena de comunicaciones que sobresaldr\u00eda a trav\u00e9s del techo. En el lateral que da al landing pad, he montado un parapeto con un bolter acoplado para proteger ese \u00e1rea de un asalto mediante landspeeders, por ejemplo.<\/p>\n<p><figure style=\"width: 500px\" class=\"wp-caption aligncenter\"><img loading=\"lazy\" decoding=\"async\" alt=\"Imperial Bastion - WIP - Azotea\" src=\"\/images\/minis\/scenery\/elcastillo\/castillo12med.jpg\" title=\"Imperial Bastion - WIP - rooftop\" width=\"500\" height=\"375\" \/><figcaption class=\"wp-caption-text\">Parapeto y bolter acoplado para cubrir el landing pad<\/figcaption><\/figure><br \/>\n<br \/>\n<figure style=\"width: 500px\" class=\"wp-caption aligncenter\"><img loading=\"lazy\" decoding=\"async\" alt=\"Imperial Bastion - WIP - Azotea\" src=\"\/images\/minis\/scenery\/elcastillo\/castillo19med.jpg\" title=\"Imperial Bastion - WIP - rooftop\" width=\"500\" height=\"375\" \/><figcaption class=\"wp-caption-text\">Techo, parapetos y luces de busqueda<\/figcaption><\/figure><br \/>\n<br \/>\n<figure style=\"width: 500px\" class=\"wp-caption aligncenter\"><img loading=\"lazy\" decoding=\"async\" alt=\"Imperial Bastion - WIP - Azotea\" src=\"\/images\/minis\/scenery\/elcastillo\/castillo20med.jpg\" title=\"Imperial Bastion - WIP - rooftop\" width=\"500\" height=\"375\" \/><figcaption class=\"wp-caption-text\">Vista frontal con el parapeto y la torre de comunicaciones<\/figcaption><\/figure><\/p>\n<p>Las antenas son de las cosas m\u00e1s delicadas y molestas que hay. A la hora de mover el edificio sin que se da\u00f1en  o simplemente para darle algo de modularidad a esa zona de la construcci\u00f3n, lo m\u00e1s conveniente es que la columna se pueda desmontar. Para ello, no he pegado la pieza, si no que le he a\u00f1adido un par de imanes que la dejan fija (aunque puede rotar) durante las partidas y permite desmontarla para que no se da\u00f1e durante el transporte. Adem\u00e1s podr\u00eda intercambiarse por otro elemento o retirarse si fuera necesario. Una vez pintado, no se notar\u00e1 tanto.<\/p>\n<figure style=\"width: 500px\" class=\"wp-caption aligncenter\"><img loading=\"lazy\" decoding=\"async\" alt=\"Imperial Bastion - WIP - Azotea\" src=\"\/images\/minis\/scenery\/elcastillo\/castillo21med.jpg\" title=\"Imperial Bastion - WIP - rooftop\" width=\"500\" height=\"375\" \/><figcaption class=\"wp-caption-text\">Imanes en la base de la torre de comunicaciones facilitan su uso y transporte<\/figcaption><\/figure>\n<p><strong>Landing Pad<\/strong><br \/>\nLa pista de aterrizaje sobresale en voladizo en el lateral de al torre. Es lo bastante grande par aun par de landspeeders o una nave peque\u00f1a. Ser\u00e1 la \u00faltima parte que a\u00f1ada a la construcci\u00f3n para no dificultar el  trabajo. Sin embargo, he podido a\u00f1adir ya los soportes que har\u00e1n las veces de viga y as\u00ed hacerme una idea del tama\u00f1o. Son contrafuertes de un edificio de Muerte en las Calles y se ajustan muy bien a su nuevo papel. Como podr\u00e9is ver, parte de la pista cubrir\u00e1 la terraza principal. Lo cual no es un problema. Pu\u00e9s se supone que es un edificio fuerte y funcional, contenido en sus dimensiones.<\/p>\n<figure style=\"width: 500px\" class=\"wp-caption aligncenter\"><img loading=\"lazy\" decoding=\"async\" alt=\"Imperial Bastion - WIP - Pista de aterrizaje\" src=\"\/images\/minis\/scenery\/elcastillo\/castillo13med.jpg\" title=\"Imperial Bastion - WIP - landingpad\" width=\"500\" height=\"375\" \/><figcaption class=\"wp-caption-text\">Soportes para el landing pad en voladizo<\/figcaption><\/figure>\n<p><strong>Detalles auxiliares<\/strong><br \/>\nHay algunos componentes que pueden no tener una categor\u00eda fija, al no ser un elemento principal, pero merece la pena destacarlos durante el proceso de construcci\u00f3n. Simplemente para que pod\u00e1is ver de donde salen y hacer vuestras preguntas y comentarios si fuera necesario.<\/p>\n<p>La grua auxiliar para elevar cargas, como munuci\u00f3n hasta los niveles intermedios donde est\u00e1n los bolters autom\u00e1ticos, a trav\u00e9s dela escotilla de mantenimiento..<\/p>\n<figure style=\"width: 500px\" class=\"wp-caption aligncenter\"><img loading=\"lazy\" decoding=\"async\" alt=\"Imperial Bastion - WIP - Escotilla y grua\" src=\"\/images\/minis\/scenery\/elcastillo\/castillo14med.jpg\" title=\"Imperial Bastion - WIP - Crane\" width=\"500\" height=\"375\" \/><figcaption class=\"wp-caption-text\">Escotilla de mantenimiento y brazo de grua<\/figcaption><\/figure>\n<p>M\u00e1s cosas pronto&#8230;<\/p>\n","protected":false},"excerpt":{"rendered":"<p>Los bastiones son de las construcciones de escenograf\u00eda m\u00e1s sencillas (y no demasiado grande) que tiene GW. Quiz\u00e1s por eso sean tambi\u00e9n bastante modulares, aun respetando el esp\u00edritu de la construcci\u00f3n. En la Red pueden encontrarse imagenes de m\u00faltiples variaciones: 3 plantas, dobles, solo la plataforma, etc. Una de ellas (esta) me ha inspirado para [&hellip;]<\/p>\n","protected":false},"author":1,"featured_media":0,"parent":9,"menu_order":0,"comment_status":"closed","ping_status":"open","template":"","meta":{"ngg_post_thumbnail":0,"footnotes":""},"class_list":["post-1881","page","type-page","status-publish","hentry"],"_links":{"self":[{"href":"https:\/\/knsweb.net\/index.php?rest_route=\/wp\/v2\/pages\/1881","targetHints":{"allow":["GET"]}}],"collection":[{"href":"https:\/\/knsweb.net\/index.php?rest_route=\/wp\/v2\/pages"}],"about":[{"href":"https:\/\/knsweb.net\/index.php?rest_route=\/wp\/v2\/types\/page"}],"author":[{"embeddable":true,"href":"https:\/\/knsweb.net\/index.php?rest_route=\/wp\/v2\/users\/1"}],"replies":[{"embeddable":true,"href":"https:\/\/knsweb.net\/index.php?rest_route=%2Fwp%2Fv2%2Fcomments&post=1881"}],"version-history":[{"count":0,"href":"https:\/\/knsweb.net\/index.php?rest_route=\/wp\/v2\/pages\/1881\/revisions"}],"up":[{"embeddable":true,"href":"https:\/\/knsweb.net\/index.php?rest_route=\/wp\/v2\/pages\/9"}],"wp:attachment":[{"href":"https:\/\/knsweb.net\/index.php?rest_route=%2Fwp%2Fv2%2Fmedia&parent=1881"}],"curies":[{"name":"wp","href":"https:\/\/api.w.org\/{rel}","templated":true}]}}