{"id":1619,"date":"2009-10-29T19:20:55","date_gmt":"2009-10-29T18:20:55","guid":{"rendered":"http:\/\/knsweb.net\/?page_id=1619"},"modified":"2021-01-29T21:13:13","modified_gmt":"2021-01-29T20:13:13","slug":"parque-imperial","status":"publish","type":"page","link":"https:\/\/knsweb.net\/?page_id=1619","title":{"rendered":"Parque Imperial"},"content":{"rendered":"<p>Es interesante meter un parque en un ciudad. Siempre hay alguno, grande o peque\u00f1o y aporta un elemento de ruptura con el resto construcciones. Una variaci\u00f3n del monotono terreno que adem\u00e1s tiene cierta <em>carga emocional<\/em>. Es evocador de tiempos mejores a la vez que, si est\u00e1 muy abandonado, es aparentemente m\u00e1s triste que un edificio en ruinas. No s\u00e9, cosas del pensamiento humano \ud83d\ude42 Como los edificios que estoy desarrollando en esta serie de m\u00f3dulos no son muy modernos (ni siquiera en t\u00e9rminos de modelismo) un parque peque\u00f1o, como el que puede haber en cualquier barrio antiguo donde no sobra el espacio, podr\u00eda ir bien.<\/p>\n<figure style=\"width: 500px\" class=\"wp-caption aligncenter\"><img loading=\"lazy\" decoding=\"async\" alt=\"Parque Imperial\" src=\"\/images\/minis\/scenery\/parque\/parque1_1med.jpg\" title=\"Parque Imperial\" width=\"500\" height=\"375\" \/> <figcaption class=\"wp-caption-text\">Parque Imperial - WiP<\/figcaption><\/figure>\n<p>El dise\u00f1o nace directamente en la tabla de la base, tomando una forma regular, pero no demasiado cuadrada. B\u00e1sicamente lo que v\u00e9is es el suelo de losas del parque, hechas de plasticard, junto con alguno de los bordillos (de cart\u00f3n duro) que rodear\u00e1n el per\u00edmetro. En el centro hay un hueco destinado a algunas plantas y una est\u00e1tua. Las entradas previstas, as\u00ed como el area &#8220;caminable&#8221;, tienen el ancho suficiente para albergar un dreadnought.<\/p>\n<p>Mi idea es que aunque abandonado, no haya sufrido tanta dstrucci\u00f3n como otros edifcios de alrededor. Despu\u00e9s de todo, un parque no es un objetivo militar.  Lo m\u00e1s importante, por ahora, es encontrar el material para los muros y columnas (poliestireno expandido, seguramente).<\/p>\n<p>Vamos con los detalles&#8230;<\/p>\n<p><strong>Zona central<\/strong><br \/>\nEn el centro del jard\u00edn hay una est\u00e1tua, el pedestal es de pliestirno esculpido como si fuera roca. Alrededor hay una zona con tierra\/hierba en la que he pegado unas ramas secas (Hechas con brazos mutados de marines poseidos \ud83d\ude09 )<\/p>\n<figure style=\"width: 500px\" class=\"wp-caption aligncenter\"><img loading=\"lazy\" decoding=\"async\" alt=\"Parque Imperial\" src=\"\/images\/minis\/scenery\/parque\/parque1_2med.jpg\" title=\"Parque Imperial\" width=\"500\" height=\"375\" \/><img loading=\"lazy\" decoding=\"async\" alt=\"Parque Imperial\" src=\"\/images\/minis\/scenery\/parque\/parque1_3med.jpg\" title=\"Parque Imperial\" width=\"500\" height=\"375\" \/> <figcaption class=\"wp-caption-text\">Centro con pedestal para la estatua. El marie es para que os hag\u00edas la idea.<\/figcaption><\/figure>\n<p>Este dise\u00f1o ha cambiado radicalmente. Y hay que actualizarlo entero.<\/p>\n<p>M\u00e1s cosas pronto&#8230;<\/p>\n","protected":false},"excerpt":{"rendered":"<p>Es interesante meter un parque en un ciudad. Siempre hay alguno, grande o peque\u00f1o y aporta un elemento de ruptura con el resto construcciones. Una variaci\u00f3n del monotono terreno que adem\u00e1s tiene cierta carga emocional. Es evocador de tiempos mejores a la vez que, si est\u00e1 muy abandonado, es aparentemente m\u00e1s triste que un edificio [&hellip;]<\/p>\n","protected":false},"author":1,"featured_media":0,"parent":9,"menu_order":0,"comment_status":"closed","ping_status":"open","template":"","meta":{"ngg_post_thumbnail":0,"footnotes":""},"class_list":["post-1619","page","type-page","status-publish","hentry"],"_links":{"self":[{"href":"https:\/\/knsweb.net\/index.php?rest_route=\/wp\/v2\/pages\/1619","targetHints":{"allow":["GET"]}}],"collection":[{"href":"https:\/\/knsweb.net\/index.php?rest_route=\/wp\/v2\/pages"}],"about":[{"href":"https:\/\/knsweb.net\/index.php?rest_route=\/wp\/v2\/types\/page"}],"author":[{"embeddable":true,"href":"https:\/\/knsweb.net\/index.php?rest_route=\/wp\/v2\/users\/1"}],"replies":[{"embeddable":true,"href":"https:\/\/knsweb.net\/index.php?rest_route=%2Fwp%2Fv2%2Fcomments&post=1619"}],"version-history":[{"count":0,"href":"https:\/\/knsweb.net\/index.php?rest_route=\/wp\/v2\/pages\/1619\/revisions"}],"up":[{"embeddable":true,"href":"https:\/\/knsweb.net\/index.php?rest_route=\/wp\/v2\/pages\/9"}],"wp:attachment":[{"href":"https:\/\/knsweb.net\/index.php?rest_route=%2Fwp%2Fv2%2Fmedia&parent=1619"}],"curies":[{"name":"wp","href":"https:\/\/api.w.org\/{rel}","templated":true}]}}