{"id":1524,"date":"2009-09-09T23:08:12","date_gmt":"2009-09-09T22:08:12","guid":{"rendered":"http:\/\/knsweb.net\/?page_id=1524"},"modified":"2021-01-29T21:03:36","modified_gmt":"2021-01-29T20:03:36","slug":"soporte-para-pcs-ikea","status":"publish","type":"page","link":"https:\/\/knsweb.net\/?page_id=1524","title":{"rendered":"Soporte para PCs &#8220;Ikea&#8221;"},"content":{"rendered":"<p>> echo No me gusta tener los PCs en el suelo. Es facil golpearlos al moverte o al limpiar. La refrigeraci\u00f3n no es optima en algunos modelos. O est\u00e1n menos accesibles (al menos es m\u00e1s incomodo agacharse). As\u00ed que para la organizaci\u00f3n de mi area de trabajo, necesitaba algo para poner los diferentes equipos elevados  del suelo. Ten\u00eda ya una idea en mente, cuando un paseo por la siempre productiva secci\u00f3n de oportunidades de Ikea, me proporcion\u00f3 lo que necesitaba. No se cuantas cosas de Ikea habr\u00e9 usado ya en mods e inventos varios \ud83d\ude42<\/p>\n<figure style=\"width: 500px\" class=\"wp-caption aligncenter\"><img loading=\"lazy\" decoding=\"async\" src=\"\/images\/modding\/bandejaikea\/bandejapcikea1med.jpg\" alt=\"Materiales necesarios.\" title=\"Soporte para PCs 'Ikea'\" width=\"500\" height=\"375\" \/><figcaption class=\"wp-caption-text\">Materiales necesarios.<\/figcaption><\/figure>\n<p>Los materiales que necesitamos son: Una bandeja Antonious (5\u20ac en oportunidades) y 6 patas Besta (3\u20ac cada juego) como material principal. Tambi\u00e9n necesitamos unas arandelas y tuercas (M8) as\u00ed como alguna herramienta. Siendo h\u00e1biles, en unos 20 minutos estar\u00e1 montado.<\/p>\n<figure style=\"width: 500px\" class=\"wp-caption aligncenter\"><img loading=\"lazy\" decoding=\"async\" src=\"\/images\/modding\/bandejaikea\/bandejapcikea2med.jpg\" alt=\"Agujeros en la parte inferior de la bandeja\" title=\"Soporte para PCs 'Ikea'\" width=\"500\" height=\"375\" \/><br \/>\n<img loading=\"lazy\" decoding=\"async\" src=\"\/images\/modding\/bandejaikea\/bandejapcikea3med.jpg\" alt=\"Hay que hacer los agujeros m\u00e1s grandes\" title=\"Soporte para PCs 'Ikea'\" width=\"500\" height=\"375\" \/><figcaption class=\"wp-caption-text\">Agujeros en la parte inferior de la bandeja<\/figcaption><\/figure>\n<p>La bandeja tiene en su parte inferior 6 agujeros. Lo cual es una feliz coincidencia, dada mi intenci\u00f3n de montar 6 patas para poder poner peso sin que el soporte se doble. Sin embargo estos agujeros son m\u00e1s pque\u00f1os que la medida de los esp\u00e1rragos de las patas, as\u00ed que hay que hacerlos m\u00e1s grandes con un taladro o alguna herramienta tipo Dremel. En la imagen v\u00e9is la diferencia de tama\u00f1o entre el agujero pretaladrado y, marcado en rotulador, lo que necesitamos.<\/p>\n<p>Ensanchar los agujeros es la parte m\u00e1s engorrosa de todo. De hecho es lo \u00fanico que requiere algo de bricolage real.<\/p>\n<figure style=\"width: 500px\" class=\"wp-caption aligncenter\"><br \/>\n<img loading=\"lazy\" decoding=\"async\" src=\"\/images\/modding\/bandejaikea\/bandejapcikea4med.jpg\" alt=\"Montaje de las patas\" title=\"Soporte para PCs 'Ikea'\" width=\"500\" height=\"375\" \/><figcaption class=\"wp-caption-text\">Fijaci\u00f3n de las patas<\/figcaption><\/figure>\n<p>Para fijar las patas, solo hay que pasar el esparrago por el nuevo agujero e introducir una arandela y una tuerca apropiadas. El apriete se puede hacer con la mano perfectamente. Repetidlo 5 veces m\u00e1s y ya habr\u00e9is terminado. Las patas son ajustables en altura, as\u00ed que podr\u00e9is hacer el soporte un poco m\u00e1s alto, si es necesario.<\/p>\n<figure style=\"width: 500px\" class=\"wp-caption aligncenter\"><img loading=\"lazy\" decoding=\"async\" src=\"\/images\/modding\/bandejaikea\/bandejapcikea5med.jpg\" alt=\"Soporte terminado\" title=\"Soporte para PCs 'Ikea'\" width=\"500\" height=\"375\" \/><br \/>\n<img loading=\"lazy\" decoding=\"async\" src=\"\/images\/modding\/bandejaikea\/bandejapcikea6med.jpg\" alt=\"Soporte terminado\" title=\"Soporte para PCs 'Ikea'\" width=\"500\" height=\"375\" \/><br \/>\n<img loading=\"lazy\" decoding=\"async\" src=\"\/images\/modding\/bandejaikea\/bandejapcikea7med.jpg\" alt=\"Soporte terminado\" title=\"Soporte para PCs 'Ikea'\" width=\"500\" height=\"375\" \/><figcaption class=\"wp-caption-text\">Soporte terminado<\/figcaption><\/figure>\n<p>En el soporte caben facilmente 2\/3 equipos y\/o complementos. Y adem\u00e1s resiste bien el peso. Y para muestra, una imagen del soporte ya instalado:<\/p>\n<figure style=\"width: 500px\" class=\"wp-caption aligncenter\"><br \/>\n<img loading=\"lazy\" decoding=\"async\" src=\"\/images\/modding\/bandejaikea\/bandejapcikea8med.jpg\" alt=\"Soporte para PCs 'Ikea'\" title=\"Soporte para PCs 'Ikea'\" width=\"500\" height=\"375\" \/><figcaption class=\"wp-caption-text\">Soporte para PCs 'Ikea'<\/figcaption><\/figure>\n<p>Ahora solo necesito una buena organizaci\u00f3n de los cables que hay detr\u00e1s \ud83d\ude00<\/p>\n","protected":false},"excerpt":{"rendered":"<p>> echo No me gusta tener los PCs en el suelo. Es facil golpearlos al moverte o al limpiar. La refrigeraci\u00f3n no es optima en algunos modelos. O est\u00e1n menos accesibles (al menos es m\u00e1s incomodo agacharse). As\u00ed que para la organizaci\u00f3n de mi area de trabajo, necesitaba algo para poner los diferentes equipos elevados [&hellip;]<\/p>\n","protected":false},"author":1,"featured_media":0,"parent":2,"menu_order":0,"comment_status":"closed","ping_status":"open","template":"","meta":{"ngg_post_thumbnail":0,"footnotes":""},"class_list":["post-1524","page","type-page","status-publish","hentry"],"_links":{"self":[{"href":"https:\/\/knsweb.net\/index.php?rest_route=\/wp\/v2\/pages\/1524","targetHints":{"allow":["GET"]}}],"collection":[{"href":"https:\/\/knsweb.net\/index.php?rest_route=\/wp\/v2\/pages"}],"about":[{"href":"https:\/\/knsweb.net\/index.php?rest_route=\/wp\/v2\/types\/page"}],"author":[{"embeddable":true,"href":"https:\/\/knsweb.net\/index.php?rest_route=\/wp\/v2\/users\/1"}],"replies":[{"embeddable":true,"href":"https:\/\/knsweb.net\/index.php?rest_route=%2Fwp%2Fv2%2Fcomments&post=1524"}],"version-history":[{"count":0,"href":"https:\/\/knsweb.net\/index.php?rest_route=\/wp\/v2\/pages\/1524\/revisions"}],"up":[{"embeddable":true,"href":"https:\/\/knsweb.net\/index.php?rest_route=\/wp\/v2\/pages\/2"}],"wp:attachment":[{"href":"https:\/\/knsweb.net\/index.php?rest_route=%2Fwp%2Fv2%2Fmedia&parent=1524"}],"curies":[{"name":"wp","href":"https:\/\/api.w.org\/{rel}","templated":true}]}}