{"id":1468,"date":"2009-07-25T04:43:15","date_gmt":"2009-07-25T03:43:15","guid":{"rendered":"http:\/\/knsweb.net\/?page_id=1468"},"modified":"2021-01-29T19:45:17","modified_gmt":"2021-01-29T18:45:17","slug":"ipod-video-segunda-vida","status":"publish","type":"page","link":"https:\/\/knsweb.net\/?page_id=1468","title":{"rendered":"iPod Video, segunda vida"},"content":{"rendered":"<p>> echo Si ten\u00e9is un iPod video (5G o 5.5G) que est\u00e1 ya un poco usado o como este tiene la pantalla algo cascada, sabed que por poco dinero (unos 30\u20ac) y con la ayuda de eBay, lo pod\u00e9is dejar como nuevo. <\/p>\n<p>El iPod que v\u00e9is en el post lleg\u00f3 a mi bastante rayado y golpeado y al pantalla presentaba una par de lineas oscuras cuando la retro-iluminaci\u00f3n estaba encendida. Supuse que despu\u00e9s del <a href=\"https:\/\/knsweb.net\/?page_id=217\">trabajo que hab\u00eda hecho con mi 4G<\/a>, este no ser\u00eda mucho m\u00e1s complicado de arreglar. Y con la ayuda de <a href=\"http:\/\/www.ifixit.com\/\">iFixit<\/a>, no lo fu\u00e9.<\/p>\n<figure style=\"width: 500px\" class=\"wp-caption aligncenter\"><img loading=\"lazy\" decoding=\"async\" alt=\"iPod G5 un tanto usado y necesitando un lavado de cara\" src=\"\/images\/apple\/ipod\/g5bas\/ipodg5_1sml.jpg\" title=\"iPod G5 un tanto usado y necesitando un lavado de cara\" width=\"500\" height=\"375\" \/><figcaption class=\"wp-caption-text\">iPod G5 un tanto usado y necesitando un lavado de cara<\/figcaption><\/figure>\n<figure style=\"width: 500px\" class=\"wp-caption aligncenter\"><img loading=\"lazy\" decoding=\"async\" alt=\"Detalle de la pantalla con el fallo en la retroiluminaci\u00f3n\" src=\"\/images\/apple\/ipod\/g5bas\/ipodg5_2sml.jpg\" title=\"iPod G5 un tanto usado y necesitando un lavado de cara\" width=\"500\" height=\"375\" \/><figcaption class=\"wp-caption-text\">Detalle de la pantalla con el fallo en la retroiluminaci\u00f3n<\/figcaption><\/figure>\n<p>Conseguir las piezas necesarias es facil, a trav\u00e9s de eBay o cualuqier proveedor online similar. Y no son caras (Para ser de Apple, al menos). Hay de todo, cosas nuevas, usadas, de terceras compa\u00f1\u00edas&#8230; Pero todas las piezas se venden. Los vendedores suelen incluir las herramientas necesarias para abrir el iPod, son cu\u00f1as o puas (como las de guitarra) de nylon que no da\u00f1an o rayan ni la carcasa, ni la circuiter\u00eda (En azul\/naranja, en la foto)<\/p>\n<figure style=\"width: 500px\" class=\"wp-caption aligncenter\"><img loading=\"lazy\" decoding=\"async\" alt=\"Repuestos y herramientas\" src=\"\/images\/apple\/ipod\/g5bas\/ipodg5_3sml.jpg\" title=\"Repuestos y herramientas\" width=\"500\" height=\"375\" \/><figcaption class=\"wp-caption-text\">Repuestos y herramientas<\/figcaption><\/figure>\n<p>SIguiendo las instrucciones de la mencionada iFixit, as\u00ed como mi experiencia previa con el 4G, abr\u00ed la carcasa. No es dificil, pero es una cuesti\u00f3n de ma\u00f1a que te puede llevar un rato. Ojo con los cables de datos planos que est\u00e1n por todo el iPod.<br \/>\n<figure style=\"width: 500px\" class=\"wp-caption aligncenter\"><img loading=\"lazy\" decoding=\"async\" alt=\"iPod abierto y listo para operar. Cuidad con los cables de datos.\" src=\"\/images\/apple\/ipod\/g5bas\/ipodg5_4sml.jpg\" title=\"iPod abierto y listo para operar. Cuidad con los cables de datos.\" width=\"500\" height=\"375\" \/><figcaption class=\"wp-caption-text\">iPod abierto y listo para operar. Cuidad con los cables de datos.<\/figcaption><\/figure><\/p>\n<p>Comparaci\u00f3n entre el HD del iPod 4G y el del 5G, ambos de 1.8&#8243;. Pero el del modelo m\u00e1s reciente, es a\u00fan m\u00e1s peque\u00f1o, si cabe y con un conector tipo ZIF (Zero Insertion Force).<br \/>\n<figure style=\"width: 500px\" class=\"wp-caption aligncenter\"><img loading=\"lazy\" decoding=\"async\" alt=\"HDs iPod 4G y 5G\" src=\"\/images\/apple\/ipod\/g5bas\/ipodg5_5sml.jpg\" title=\"HDs iPod 4G y 5G\" width=\"500\" height=\"375\" \/><figcaption class=\"wp-caption-text\">HDs iPod 4G y 5G<\/figcaption><\/figure><\/p>\n<p>Siguiendo las intrucciones pod\u00e9is desconectar y sacar el disco. Lo siguiente es el chasis met\u00e1lico que est\u00e1 fijado con unos tornillos min\u00fasculos para los que necesitar\u00e9is un destornillador de precisi\u00f3n. Ojo, no los perd\u00e1is!<\/p>\n<figure style=\"width: 500px\" class=\"wp-caption aligncenter\"><img loading=\"lazy\" decoding=\"async\" alt=\"Repuestos y herramientas\" src=\"\/images\/apple\/ipod\/g5bas\/ipodg5_6sml.jpg\" title=\"Repuestos y herramientas\" width=\"500\" height=\"375\" \/><figcaption class=\"wp-caption-text\">Repuestos y herramientas<\/figcaption><\/figure>\n<p>Remplazar la pantalla y la clickwheel no es complicado, salvo por dos cosas: Hay que quitar la pantalla con cuidado de no da\u00f1ar la linea de tierra bajo ina pegatina de aspecto met\u00e1lico. Para quitar la clickwheel, es necesario despegar un poco la placa base del chasis, no la dobl\u00e9is demasiado. Con eso en mente, es una tarea bastante intuitiva.<br \/>\n<figure style=\"width: 500px\" class=\"wp-caption aligncenter\"><img loading=\"lazy\" decoding=\"async\" alt=\"Las nuevas piezas montadas\" src=\"\/images\/apple\/ipod\/g5bas\/ipodg5_7sml.jpg\" title=\"Las nuevas piezas montadas\" width=\"500\" height=\"375\" \/><figcaption class=\"wp-caption-text\">Las nuevas piezas montadas<\/figcaption><\/figure><\/p>\n<p>El proceso de montaje, es igual al que realizasteis para sustituir las piezas, pero a la inversa. Y no tiene mayor misterio que poner todo en su sitio con cuidado.  Yo os dir\u00eda que antes de cerrar la carcasa, probarais que todo funciona correctamente, sin darle muchos meneos.<\/p>\n<figure style=\"width: 500px\" class=\"wp-caption aligncenter\"><img loading=\"lazy\" decoding=\"async\" alt=\"Listo para cerrar y probar\" src=\"\/images\/apple\/ipod\/g5bas\/ipodg5_8sml.jpg\" title=\"Listo para cerrar y probar\" width=\"500\" height=\"375\" \/><figcaption class=\"wp-caption-text\">Listo para cerrar y probar<\/figcaption><\/figure>\n<p>Funcionando. Pr\u00e1cticamente parece recien comprado. Y lo m\u00e1s imporante y delicado, la pantalla, funciona perfectamente. En este punto, pod\u00e9is a\u00f1adirle alg\u00fan protector de pantalla o skin a la carcasa para evitar que se raye con el uso.<\/p>\n<figure style=\"width: 500px\" class=\"wp-caption aligncenter\"><img loading=\"lazy\" decoding=\"async\" alt=\"Funcionando y con la pantalla perfecta\" src=\"\/images\/apple\/ipod\/g5bas\/ipodg5_9sml.jpg\" title=\"Funcionando y con la pantalla perfecta.\" width=\"500\" height=\"375\" \/><br \/>\n<img loading=\"lazy\" decoding=\"async\" alt=\"Funcionando y con la pantalla perfecta.\" src=\"\/images\/apple\/ipod\/g5bas\/ipodg5_10sml.jpg\" title=\"Funcionando y con la pantalla perfecta.\" width=\"500\" height=\"375\" \/><figcaption class=\"wp-caption-text\">Funcionando y con la pantalla perfecta<\/figcaption><\/figure>\n<p>Ya v\u00e9is que a veces, hay soluci\u00f3nes para conservar en perfecto estado algunos gadgets y darles otra oportunidad. Adem\u00e1s a este iPod tambi\u00e9n se le puede sustituir el disco duro, por una memoria de tipo flash, eliminando algunos riesgos y aumentado la duraci\u00f3n de la bater\u00eda.<\/p>\n","protected":false},"excerpt":{"rendered":"<p>> echo Si ten\u00e9is un iPod video (5G o 5.5G) que est\u00e1 ya un poco usado o como este tiene la pantalla algo cascada, sabed que por poco dinero (unos 30\u20ac) y con la ayuda de eBay, lo pod\u00e9is dejar como nuevo. El iPod que v\u00e9is en el post lleg\u00f3 a mi bastante rayado y [&hellip;]<\/p>\n","protected":false},"author":1,"featured_media":0,"parent":260,"menu_order":0,"comment_status":"closed","ping_status":"open","template":"","meta":{"ngg_post_thumbnail":0,"footnotes":""},"class_list":["post-1468","page","type-page","status-publish","hentry"],"_links":{"self":[{"href":"https:\/\/knsweb.net\/index.php?rest_route=\/wp\/v2\/pages\/1468","targetHints":{"allow":["GET"]}}],"collection":[{"href":"https:\/\/knsweb.net\/index.php?rest_route=\/wp\/v2\/pages"}],"about":[{"href":"https:\/\/knsweb.net\/index.php?rest_route=\/wp\/v2\/types\/page"}],"author":[{"embeddable":true,"href":"https:\/\/knsweb.net\/index.php?rest_route=\/wp\/v2\/users\/1"}],"replies":[{"embeddable":true,"href":"https:\/\/knsweb.net\/index.php?rest_route=%2Fwp%2Fv2%2Fcomments&post=1468"}],"version-history":[{"count":0,"href":"https:\/\/knsweb.net\/index.php?rest_route=\/wp\/v2\/pages\/1468\/revisions"}],"up":[{"embeddable":true,"href":"https:\/\/knsweb.net\/index.php?rest_route=\/wp\/v2\/pages\/260"}],"wp:attachment":[{"href":"https:\/\/knsweb.net\/index.php?rest_route=%2Fwp%2Fv2%2Fmedia&parent=1468"}],"curies":[{"name":"wp","href":"https:\/\/api.w.org\/{rel}","templated":true}]}}