{"id":1309,"date":"2009-06-02T14:13:33","date_gmt":"2009-06-02T13:13:33","guid":{"rendered":"http:\/\/knsweb.net\/?page_id=1309"},"modified":"2021-01-29T20:19:51","modified_gmt":"2021-01-29T19:19:51","slug":"miyamoto-musashi-y-el-japon-medieval","status":"publish","type":"page","link":"https:\/\/knsweb.net\/?page_id=1309","title":{"rendered":"Miyamoto Musashi y el Jap\u00f3n medieval"},"content":{"rendered":"<p>   Se me ha ocurrido que quiz\u00e1s muchos de vosotros no sep\u00e1is a qu\u00e9 me referero en muchos casos cuando hablo de <em>samurai<\/em>, batallas y tal. Estaba dando por sentado que conoc\u00e9is algo de la historia del Jap\u00f3n m\u00e1s all\u00e1 del <em>manganime<\/em> o de las pelis de <em>Kurosawa<\/em>, y no ten\u00e9is por qu\u00e9. Y como en muchos salones he comprobado que la cultural del pa\u00eds del Sol Naciente est\u00e1 calando entre los <em>otaku<\/em>, he decidido dedicar las pr\u00f3ximas l\u00edneas a repasar un poco los comienzos del periodo <em>Tokugawa<\/em> en los que vivi\u00f3 <em>Musahi Miyamoto<\/em>. Lo que servir\u00e1 de antesala, para el repaso de otras \u00e9pocas hist\u00f3ricas japonesas.<\/p>\n<p><strong>La Era Sengoku (<em>Sengoku Jidai<\/em>)<\/strong><br \/>\nResumiendo mucho, al periodo <em>Tokugawa<\/em> (ya sab\u00e9is, \u00e9se que tanto mencionan en <strong>Ruroni Kenshin<\/strong> \/ <strong>Samurai X<\/strong>) se lleg\u00f3 despu\u00e9s de, b\u00e1sicamente, 600 a\u00f1os de guerras civiles encarnizadas. Cada guerra sol\u00eda tener los mismos motivos: el territorio, la descendencia de origen real, el poder, el honor&#8230; Desde que en 1192 (Finales de la Tercera Cruzada en Occidente) hubiese aparecido el primer <em>Sh\u00f4gun<\/em> de la era <em>Kamakura<\/em>, todo hab\u00edan sido luchas por arrebatarle el cargo a los distintos sucesores. Como os pod\u00e9is imaginar, el emperador ya no ten\u00eda demasiado poder para evitar estas luchas, sobre todo, cuando <strong>ambos bandos<\/strong> sol\u00edan luchar en nombre del emperador.<\/p>\n<p>Hacia mediados del siglo XVI, los Jesuitas espa\u00f1oles y portugueses (por aquel entonces en guerra con los ingleses, como recoge magn\u00edficamente <em>James Clavell<\/em> en su novela, adaptada a la TV por <em>Richard Chamberlain<\/em>, <strong>Sh\u00f4gun<\/strong>) ya hab\u00edan desembarcado en <em>Ky\u00fb Shu<\/em>, la isla m\u00e1s meridional del grupo principal del archipi\u00e9lago japon\u00e9s, con sus armas de fuego.<\/p>\n<figure style=\"width: 400px\" class=\"wp-caption aligncenter\"><img loading=\"lazy\" decoding=\"async\" alt=\"Oda Nobunaga.  Source: Internet\" src=\"\/images\/nippon\/miyamoto\/nobunagaoda.jpg\" title=\"Oda Nobunaga\" width=\"400\" height=\"382\" \/><figcaption class=\"wp-caption-text\">Oda Nobunaga.  Source: Internet<\/figcaption><\/figure>\n<p>En noviembre de 1568, <em>Oda Nobunaga<\/em>, quien por entonces ya conoc\u00eda al joven <em>Motoyasu Matsudaira<\/em> (<em>Tokugawa Ieyasu<\/em>) como rival y aliado, entr\u00f3 en la capital imperial, Kyoto, para instaurar al leg\u00edtimo <em>Sh\u00f4gun<\/em>, <em>Ashikaga Yoshiaki<\/em>, el decimoquinto y \u00faltimo <em>Sh\u00f4gun Ashikaga<\/em>. \u00c9ste, en agradecimiento y para guardarse las espaldas le dio la libertad de conquistar todo Jap\u00f3n. Pero tan s\u00f3lo 5 a\u00f1os despu\u00e9s, la relaci\u00f3n entre <em>Nobunaga<\/em> y <em>Ashikaga<\/em> no era demasiado buena. <em>Nobunaga<\/em> se hab\u00eda convertido en un peligro, dada su creciente influecia y ejercito. Y as\u00ed, olvidando con qui\u00e9n se met\u00eda, envi\u00f3 un mensaje pidiendo ayuda al magn\u00edfico se\u00f1or de la guerra de <em>Kai<\/em> (actualmente <em>Yamanashi<\/em>), <em>Shingen Takeda<\/em>.<\/p>\n<figure style=\"width: 500px\" class=\"wp-caption aligncenter\"><img loading=\"lazy\" decoding=\"async\" alt=\"Shingen Takeda Vs Uesugi Kenshin, en el duelgo que gan\u00f3, cuentan, sin siquiera levantarse.\" src=\"\/images\/nippon\/miyamoto\/takedashingenvsuesugikenshin.jpg\" title=\"Shingen Takeda Vs Uesugi Kenshin\" width=\"500\" height=\"335\" \/><figcaption class=\"wp-caption-text\">Shingen Takeda Vs Uesugi Kenshin, en el duelgo que gan\u00f3, cuentan, sin siquiera levantarse.<\/figcaption><\/figure>\n<p><em>Shingen Takeda<\/em>, quien descend\u00eda del linaje imperial de los <em>Minamoto<\/em>, fue un notable guerrero (cuenta la historia que en cierta ocasi\u00f3n rechaz\u00f3 una escaramuza de <em>Kenshi Uesugi<\/em> sin ni siquiera desenvainar la espada y ponerse en pie) y fue el m\u00e1s sabio <em>Daimy\u00f4<\/em> de la \u00e9poca <em>Sengoku<\/em>. Sin embargo, en 1573 durante uno de los asedios a una fortaleza de <em>Tokugawa<\/em> (convertido ya en comandante de <em>Nobunaga<\/em> y fiel aliado), <em>Shingen<\/em> result\u00f3 herido de bala (El arma puede verse en el museo principal de <em>Nagashino<\/em>) y falleci\u00f3 a causa de la infecci\u00f3n (este hecho pod\u00e9is verlo en la magn\u00edfica pel\u00edcula <strong><em>Kagemusha, la sombra de un guerrero<\/em><\/strong>). \u00c9ste fue el verdadero comienzo de la \u00e9poca <em>Tokugawa<\/em>, puesto que el hijo de <em>Shingen<\/em>, <em>Katsuyori<\/em>, nunca fue muy ducho en el arte de la guerra y no respet\u00f3 el lema principal de su padre de &#8220;<em>Inm\u00f3vil como la monta\u00f1a<\/em>&#8220;. De este modo, en <em>Nagashino<\/em> (1575) <em>Katsuyori<\/em> lanz\u00f3 a sus tropas contra los 3.000 mosquetes, dispuestos en 3 hileras detr\u00e1s de empalizadas de madera que a\u00fan pueden verse hoy en el citado lugar, cerca de los varios museos de la zona, de<em> Nobunaga<\/em> y <em>Tokugawa<\/em>. Sobra decir que fue una masacre. El avance grupo tras grupo de los <em>samurai<\/em> de <em>Katsuyori<\/em> por un campo abierto y con un peque\u00f1o r\u00edo de por medio contra las empalizadas y los mosquetes resulto vano y una de las peores demostraciones de t\u00e1ctica militar por parte del jefe de un ejercito tan grande y poderoso.<\/p>\n<figure style=\"width: 243px\" class=\"wp-caption aligncenter\"><img loading=\"lazy\" decoding=\"async\" alt=\"Armadura de Mitsuhide Akechi. Source: Museo Nacional de Tokyo.\" src=\"\/images\/nippon\/miyamoto\/akechimitsuhide.jpg\" title=\"Mitsuide Akechi no yoroi\" width=\"243\" height=\"400\" \/><figcaption class=\"wp-caption-text\">Armadura de Mitsuhide Akechi. Source: Museo Nacional de Tokyo.<\/figcaption><\/figure>\n<p>Pero a <em>Nobunaga<\/em>, que hasta 1582 se segu\u00eda dedicando a su deporte favorito, conquistar Jap\u00f3n, se le escap\u00f3 que los peores golpes los dan desde dentro. Y fue un general de sus propias filas, <em>Mitsuhide Akechi<\/em> (odiado por unos, amado por otros&#8230; <em>Tokugawa<\/em> cuido bi\u00e9n de su familia) quien le tendi\u00f3 una emboscada en <em>Honno-ji<\/em> (un templo de Kyoto) y lo mat\u00f3; para acto seguido nombrarse as\u00ed mismo <em>Sh\u00f4gun<\/em>, algo que tambi\u00e9n estaba muy de moda por la \u00e9poca. Tan de moda que, en cuanto <em>Hashiba Hideyoshi<\/em> se enter\u00f3, corri\u00f3 a matar al traidor, nombr\u00f3 heredero al nieto de <em>Nobunaga<\/em> (un ni\u00f1o de corta edad) y se dedic\u00f3 a gobernar el pa\u00eds por su cuenta. Pero en 1584 <em>Tokugawa<\/em>, otro firme heredero a <em>Sh\u00f4gun<\/em>, le present\u00f3 batalla en <em>Nagakute<\/em>. Perdi\u00f3 600 hombres frente a los 2.500 caidos de <em>Hideyosi<\/em>, pero como la cosa iba para largo y \u00e9l era joven decidi\u00f3 capitular (algo totalmente inconcebible en occidente y muy propio de la mentalidad oriental) y sentarse a esperar (Y de paso encargar un retrato en el que aparece con cara de tonto, para no olvidarse de la derrota. Este retrato y m\u00e1s recuerdos de la batalla pueden verse en el museo de <em>Hamamatsu<\/em>, <em>Shizuoka<\/em>, sito en el castillo del centro de la ciudad).<\/p>\n<figure style=\"width: 282px\" class=\"wp-caption aligncenter\"><img loading=\"lazy\" decoding=\"async\" alt=\"Cuadro de si mismo, encargado por Tokugawa Ieyasu despu\u00e9s de Mikatahara. Source: Internet\" src=\"\/images\/nippon\/miyamoto\/tokugawaieyasu(mikatagahara).jpg\" title=\"Tokugawa Ieyasu (Mikatagahara)\" width=\"282\" height=\"400\" \/><figcaption class=\"wp-caption-text\">Cuadro de si mismo, encargado por Tokugawa Ieyasu despu\u00e9s de Mikatahara. Source: Internet<\/figcaption><\/figure>\n<p>Mientras <em>Ieyasu<\/em> esperaba, no perd\u00eda el tiempo. Amas\u00f3 una fortuna, se ali\u00f3 convenientemente, organiz\u00f3 su ej\u00e9rcito y sus tierras; y como el centro de su peque\u00f1o imperio estaba en <em>Edo<\/em> (Tokyo), lejos de las tierras del Sur desde donde part\u00edan los ej\u00e9rcitos que pretend\u00edan conquistar Corea y China (casi lo consiguieron, pero hab\u00eda demasiadas rivalidades internas), sus propios hombres se libraron del reclutamiento.<\/p>\n<p>A Corea y China se fue porque <em>Hideyoshi<\/em> anhelaba dominar un imperio y Jap\u00f3n se le quedaba peque\u00f1o. Fue un error fatal. En 1598, mientras sus ropas se retiraban de Corea, \u00e9l muri\u00f3 dejando tras de s\u00ed como heredero a su hijo peque\u00f1o y a un consejo de regentes (Go Tairo) para que lo cuidasen.<\/p>\n<figure style=\"width: 300px\" class=\"wp-caption aligncenter\"><img loading=\"lazy\" decoding=\"async\" alt=\"Hashiba Hideyoshi\" src=\"\/images\/nippon\/miyamoto\/hideyoshi.jpg\" title=\"Hashiba Hideyoshi\" width=\"300\" height=\"400\" \/><figcaption class=\"wp-caption-text\">Hashiba Hideyoshi. Source: Internet<\/figcaption><\/figure>\n<p><strong>La era Tokugawa o Edo<\/strong><br \/>\n<del><em>Mitsunari Ishida<\/em>, de clase baja al igual que <em>Hideyoshi<\/em>, era el principal regente y, por tanto, el principal enemigo de <em>Ieyasu<\/em>, quien descend\u00eda del linaje real de los <em>Minamoto<\/em> (m\u00e1s leg\u00edtimo) en su ascenso al Sh\u00f4gunato.<\/del><br \/>\nIeyasu, quien descend\u00eda del linaje real de los <em>Minamoto<\/em> (m\u00e1s leg\u00edtimo) en su ascenso al Sh\u00f4gunato, tuvo como principal enemigo a <em>Mitsunari Ishida<\/em>. Este antiguo compa\u00f1ero de <em>Hideyoshi<\/em>, era de clase baja al igual que \u00e9l y se hab\u00eda tenido que labrar su ascenso al poder. Ten\u00eda muchos enemigos, pero tambi\u00e9n muchos aliados.<\/p>\n<p>El 21 de Octubre de 1600 el tiempo era h\u00famedo y una suave neblina cubr\u00eda el llano de <em>Sekigahara<\/em> (hoy casi todo ocupado por una poblaci\u00f3n). De los casi 200.000 hombres que aquella ma\u00f1ana se enfrentaron (100.000 para <em>Ishida<\/em> y 75.000 para <em>Tokugawa<\/em>), cerca de 70.000 (seg\u00fan algunas fuentes) no regresaron a casa. Tras las primeras horas de lucha, a pesar de que muchos de los hombres de <em>Ishida<\/em> se hab\u00edan cambiado de bando, la batalla no parec\u00eda tener vencedor (las armas de fuego fueron r\u00e1pidamente abandonadas por el combate cuerpo a cuerpo). Sin embargo, antes al finalizar los tres d\u00edas de luchas, pausas y maniobras, la suerte ya estaba echada. La batalla m\u00e1s grande y m\u00e1s importante de la historia de Jap\u00f3n hab\u00eda finalizado y ten\u00eda un claro vencedor: <em>Tokugawa Ieyasu<\/em>.<\/p>\n<figure style=\"width: 425px\" class=\"wp-caption aligncenter\"><img loading=\"lazy\" decoding=\"async\" alt=\"Parte de un biombo que remomemora la batalla de Sekigahara.\" src=\"\/images\/nippon\/miyamoto\/sekigahara.jpg\" title=\"Sekigahara\" width=\"425\" height=\"425\" \/><figcaption class=\"wp-caption-text\">Parte de un biombo que remomemora la batalla de Sekigahara. Source: Internet<\/figcaption><\/figure>\n<p>Tres a\u00f1os despu\u00e9s, casi todo Jap\u00f3n hab\u00eda sido sometido y <em>Tokugawa Ieyasu<\/em>, ahora <em>Tokugawa Minamoto no Ieyasu<\/em> ser\u00eda nombrado <em>Sh\u00f4gun<\/em>. En 1615, el hijo de <em>Hideyoshi<\/em>, <em>Hideyori<\/em>, intent\u00f3 arrebatarle el poder a <em>Tokugawa<\/em> en lo que se conocen como <em>Campa\u00f1a de Verano de Osaka y Campa\u00f1as de Invierno<\/em>. Por supuesto, <em>Hideyori<\/em> no triunf\u00f3, y una vez derrotado dej\u00f3 el paso libre para que el <em>Sh\u00f4gun Tokugawa<\/em> gobernase a placer en su nueva sociedad de clases, cuyo m\u00e1ximo escal\u00f3n era la clase guerrera (desde entonces s\u00f3lo los aut\u00e9nticos <em>samurai<\/em> pod\u00edan llevar espadas) bi\u00e9n cubierta por una burocracia militar.<br \/>\nLa <em>Era Tokugawa<\/em> hab\u00eda comenzado oficialmente y durar\u00eda durante casi tres siglos y 15 <em>Sh\u00f4gun<\/em> m\u00e1s.<\/p>\n<p><strong>Musashi Miyamoto<\/strong><br \/>\nEste <em>R\u00f4nin<\/em>, <em>samurai<\/em> sin se\u00f1or, se llamaba <em>Shinmen<\/em> (como el protagonista de <strong>Vagabond<\/strong>) <em>Musashi no Kami Fujiwara no Genshi<\/em>, naci\u00f3 en <em>Harima<\/em> (1583) y mat\u00f3 a un hombre por primera vez a los 13 a\u00f1os y al \u00faltimo con 29. En medio, adem\u00e1s de sobrevivir a <em>Sekigahara<\/em> (estaba en el bando perdedor) y a una infinidad de duelos (m\u00e1s de 60), de los que luchase con una <em>katana<\/em>, dos, o con una espada de madera, sal\u00eda invariablemente invicto y su oponente muerto o gravemente herido. Se dicen de \u00e9l muchas cosas alimentadas o exageradas por el halo de leyenda que rodean a este guerrero nato (que seamos sinceros, no siempre jug\u00f3 limpio) pero lo m\u00e1s importante es que era eso, un guerrero educado en el combate y que con el tiempo supo transmitir su aprendizaje a otros y cultivar muchas m\u00e1s artes (como \u00e9l mismo recomendaba). No le gustaban las escuelas de artes marciales porque (como muchas de las de ahora) eran poco pr\u00e1cticas, parec\u00edan un ballet y eran m\u00e1s comerciales que letales.<\/p>\n<figure style=\"width: 450px\" class=\"wp-caption aligncenter\"><img loading=\"lazy\" decoding=\"async\" alt=\"Famoso duelo Miyamoto Musashi Vs. Sasaki Kojir\u00f4. Notad que Miyamoto no lleva una katana, si no una espada de madera (o un palo). Source: Internet\" src=\"\/images\/nippon\/miyamoto\/miyamotovssasaki.jpg\" title=\"Miyamoto Musashi Vs. Sasaki Kojir\u00f4\" width=\"450\" height=\"384\" \/><figcaption class=\"wp-caption-text\">Famoso duelo Miyamoto Musashi Vs. Sasaki Kojir\u00f4. Notad que Miyamoto no lleva una katana, si no una espada de madera (o un palo). Source: Internet<\/figcaption><\/figure>\n<p>\u00c9l ten\u00eda 2 principios b\u00e1sicos: &#8220;<em>Mantenerse tranquilo y claro en el caos de la batalla<\/em>&#8221; y &#8220;<em>nunca olvidar que cuando hay orden, el peligro de desorden es a\u00fan mayor<\/em>&#8220;. Con la treintena, dej\u00f3 de batirse en duelo de forma activa y con 60 a\u00f1os subi\u00f3 al monte <em>Iwato<\/em> (<em>Higo, Ky\u00fb Shu<\/em>) y el 10 de Octubre de 1643, a las 4 de la ma\u00f1ana de puso a escribir el <strong>Libro de los 5 anillos<\/strong>. Antes de eso, entre los 30 y los 60 a\u00f1os, hab\u00eda estado practicando el arte de la esgrima, perfeccionando su estilo y encontr\u00e1ndose as\u00ed mismo por todo Jap\u00f3n.<\/p>\n<p>En cualquier caso, \u00e9l nunca dej\u00f3 de ser un guerrero y, aunque f\u00edsicamente abandonase la lucha, sigui\u00f3 transmitiendo sus conocimientos en el arte de la guerra y cultivando toda clase de estilos art\u00edsticos, como \u00e9l mismo recomendaba y como obligaba el c\u00f3digo <em>samurai<\/em> (<em>bushi-d\u00f4<\/em>).<\/p>\n<p>Por <strong>Kumo<\/strong><\/p>\n<p>P.D.: De mi segundo viaje a jap\u00f3n me traje las figuras de las siguiente foto, ven\u00edan en sobres sorpresa (muy populares en Jap\u00f3n) sobre grandes <em>samurai<\/em>.<\/p>\n<figure style=\"width: 500px\" class=\"wp-caption aligncenter\"><img loading=\"lazy\" decoding=\"async\" alt=\"Figuras coleccionables sobre grandes samurai hist\u00f3ricos.\" src=\"\/images\/nippon\/miyamoto\/figurassamurai.jpg\" title=\"Samuria coleccionables\" width=\"500\" height=\"375\" \/><figcaption class=\"wp-caption-text\">Figuras coleccionables sobre grandes samurai hist\u00f3ricos.<\/figcaption><\/figure>\n","protected":false},"excerpt":{"rendered":"<p>Se me ha ocurrido que quiz\u00e1s muchos de vosotros no sep\u00e1is a qu\u00e9 me referero en muchos casos cuando hablo de samurai, batallas y tal. Estaba dando por sentado que conoc\u00e9is algo de la historia del Jap\u00f3n m\u00e1s all\u00e1 del manganime o de las pelis de Kurosawa, y no ten\u00e9is por qu\u00e9. Y como en [&hellip;]<\/p>\n","protected":false},"author":1,"featured_media":0,"parent":8,"menu_order":0,"comment_status":"closed","ping_status":"open","template":"","meta":{"ngg_post_thumbnail":0,"footnotes":""},"class_list":["post-1309","page","type-page","status-publish","hentry"],"_links":{"self":[{"href":"https:\/\/knsweb.net\/index.php?rest_route=\/wp\/v2\/pages\/1309","targetHints":{"allow":["GET"]}}],"collection":[{"href":"https:\/\/knsweb.net\/index.php?rest_route=\/wp\/v2\/pages"}],"about":[{"href":"https:\/\/knsweb.net\/index.php?rest_route=\/wp\/v2\/types\/page"}],"author":[{"embeddable":true,"href":"https:\/\/knsweb.net\/index.php?rest_route=\/wp\/v2\/users\/1"}],"replies":[{"embeddable":true,"href":"https:\/\/knsweb.net\/index.php?rest_route=%2Fwp%2Fv2%2Fcomments&post=1309"}],"version-history":[{"count":0,"href":"https:\/\/knsweb.net\/index.php?rest_route=\/wp\/v2\/pages\/1309\/revisions"}],"up":[{"embeddable":true,"href":"https:\/\/knsweb.net\/index.php?rest_route=\/wp\/v2\/pages\/8"}],"wp:attachment":[{"href":"https:\/\/knsweb.net\/index.php?rest_route=%2Fwp%2Fv2%2Fmedia&parent=1309"}],"curies":[{"name":"wp","href":"https:\/\/api.w.org\/{rel}","templated":true}]}}